{"id":309,"date":"2020-04-23T13:13:09","date_gmt":"2020-04-23T11:13:09","guid":{"rendered":"https:\/\/www.canariansurffruit.com\/?page_id=309"},"modified":"2022-08-25T19:16:19","modified_gmt":"2022-08-25T17:16:19","slug":"gutschein","status":"publish","type":"page","link":"https:\/\/www.canariansurffruit.com\/en\/voucher\/","title":{"rendered":"Voucher"},"content":{"rendered":"<h3 class=\"wp-block-heading\">Support your local Surfshop!<\/h3>\n\n\n\n<p>Here you can easily support your surf shop by buying a voucher. Due to the global crises and the resulting lower amount of tourists we have less income, but we still have to cover running costs. The voucher is valid for 2 years and you get a 5% discount when redeeming it.<br>Thank you very much<\/p>\n\n\n\n<h3 class=\"wp-block-heading\">If you would like to buy a voucher from us, please fill in the form below.<\/h3>\n\n\n\n<figure class=\"wp-block-image alignwide size-large\"><img loading=\"lazy\" decoding=\"async\" width=\"1024\" height=\"682\" src=\"https:\/\/www.canariansurffruit.com\/wp-content\/uploads\/2020\/05\/Gutschein-1024x682.jpg\" alt=\"Surferin mit Surfbrett\" class=\"wp-image-602\" srcset=\"https:\/\/www.canariansurffruit.com\/wp-content\/uploads\/2020\/05\/Gutschein-1024x682.jpg 1024w, https:\/\/www.canariansurffruit.com\/wp-content\/uploads\/2020\/05\/Gutschein-300x200.jpg 300w, https:\/\/www.canariansurffruit.com\/wp-content\/uploads\/2020\/05\/Gutschein-768x512.jpg 768w, https:\/\/www.canariansurffruit.com\/wp-content\/uploads\/2020\/05\/Gutschein-1536x1023.jpg 1536w, https:\/\/www.canariansurffruit.com\/wp-content\/uploads\/2020\/05\/Gutschein-600x400.jpg 600w, https:\/\/www.canariansurffruit.com\/wp-content\/uploads\/2020\/05\/Gutschein.jpg 1600w\" sizes=\"auto, (max-width: 1024px) 100vw, 1024px\" \/><\/figure>\n\n\n\n<div style=\"height:46px\" aria-hidden=\"true\" class=\"wp-block-spacer\"><\/div>\n\n\n\n\n<div class=\"wpcf7 no-js\" id=\"wpcf7-f372-o1\" lang=\"de-DE\" dir=\"ltr\" data-wpcf7-id=\"372\">\n<div class=\"screen-reader-response\"><p role=\"status\" aria-live=\"polite\" aria-atomic=\"true\"><\/p> <ul><\/ul><\/div>\n<form action=\"\/en\/wp-json\/wp\/v2\/pages\/309#wpcf7-f372-o1\" method=\"post\" class=\"wpcf7-form init wpcf7-acceptance-as-validation\" aria-label=\"Contact form\" novalidate=\"novalidate\" data-status=\"init\" data-trp-original-action=\"\/en\/wp-json\/wp\/v2\/pages\/309#wpcf7-f372-o1\">\n<fieldset class=\"hidden-fields-container\"><input type=\"hidden\" name=\"_wpcf7\" value=\"372\" \/><input type=\"hidden\" name=\"_wpcf7_version\" value=\"6.1.4\" \/><input type=\"hidden\" name=\"_wpcf7_locale\" value=\"de_DE\" \/><input type=\"hidden\" name=\"_wpcf7_unit_tag\" value=\"wpcf7-f372-o1\" \/><input type=\"hidden\" name=\"_wpcf7_container_post\" value=\"0\" \/><input type=\"hidden\" name=\"_wpcf7_posted_data_hash\" value=\"\" \/><input type=\"hidden\" name=\"_wpcf7dtx_version\" value=\"5.0.4\" \/>\n<\/fieldset>\n<p><label> Your name (required field)<br \/>\n<span class=\"wpcf7-form-control-wrap\" data-name=\"your-name\"><input size=\"40\" maxlength=\"400\" class=\"wpcf7-form-control wpcf7-text wpcf7-validates-as-required\" aria-required=\"true\" aria-invalid=\"false\" value=\"\" type=\"text\" name=\"your-name\" \/><\/span> <\/label>\n<\/p>\n<p><span id=\"wpcf7-69f8982908330-wrapper\" class=\"wpcf7-form-control-wrap E-Mail-wrap\" style=\"display:none !important; visibility:hidden !important;\"><label for=\"wpcf7-69f8982908330-field\" class=\"hp-message\">Bitte lasse dieses Feld leer.<\/label><input id=\"wpcf7-69f8982908330-field\"  class=\"wpcf7-form-control wpcf7-text\" type=\"text\" name=\"E-Mail\" value=\"\" size=\"40\" tabindex=\"-1\" autocomplete=\"new-password\" \/><\/span><br \/>\n<span id=\"wpcf7-69f89829083d5-wrapper\" class=\"wpcf7-form-control-wrap Website-wrap\" style=\"display:none !important; visibility:hidden !important;\"><label for=\"wpcf7-69f89829083d5-field\" class=\"hp-message\">Bitte lasse dieses Feld leer.<\/label><input id=\"wpcf7-69f89829083d5-field\"  class=\"wpcf7-form-control wpcf7-text\" type=\"text\" name=\"Website\" value=\"\" size=\"40\" tabindex=\"-1\" autocomplete=\"new-password\" \/><\/span>\n<\/p>\n<p><label> Your email address (required field)<br \/>\n<span class=\"wpcf7-form-control-wrap\" data-name=\"your-email\"><input size=\"40\" maxlength=\"400\" class=\"wpcf7-form-control wpcf7-email wpcf7-validates-as-required wpcf7-text wpcf7-validates-as-email\" aria-required=\"true\" aria-invalid=\"false\" value=\"\" type=\"email\" name=\"your-email\" \/><\/span> <\/label>\n<\/p>\n<p><label> Voucher value<br \/>\n<span class=\"wpcf7-form-control-wrap\" data-name=\"value\"><input size=\"40\" maxlength=\"400\" class=\"wpcf7-form-control wpcf7-text\" aria-invalid=\"false\" value=\"\" type=\"text\" name=\"value\" \/><\/span> <\/label>\n<\/p>\n<p><label> Your message<br \/>\n<span class=\"wpcf7-form-control-wrap\" data-name=\"your-message\"><textarea cols=\"40\" rows=\"10\" maxlength=\"2000\" class=\"wpcf7-form-control wpcf7-textarea\" aria-invalid=\"false\" name=\"your-message\"><\/textarea><\/span> <\/label>\n<\/p>\n<p><span class=\"wpcf7-form-control-wrap\" data-name=\"dsgvo\"><span class=\"wpcf7-form-control wpcf7-acceptance\"><span class=\"wpcf7-list-item\"><label><input type=\"checkbox\" name=\"dsgvo\" value=\"1\" aria-invalid=\"false\" \/><span class=\"wpcf7-list-item-label\">I agree that Canarian Surf Fruit may electronically store and process my data for the purpose of contacting me. The data will be processed in accordance with the applicable data protection guidelines and will not be passed on to third parties. You can find detailed information about the handling of user data in our privacy policy. <a href=\"https:\/\/www.canariansurffruit.com\/en\/datenschutz\/\">Data protection<\/a>.<\/span><\/label><\/span><\/span><\/span>\n<\/p>\n<p><input class=\"wpcf7-form-control wpcf7-submit has-spinner\" type=\"submit\" value=\"SUBMIT\" \/>\n<\/p><div class=\"wpcf7-response-output\" aria-hidden=\"true\"><\/div>\n<input type=\"hidden\" name=\"trp-form-language\" value=\"en\"\/><\/form>\n<\/div>","protected":false},"excerpt":{"rendered":"<p>Support your local Surfshop! Hier k\u00f6nnt ihr ganz einfach mit dem Kauf eines Gutscheins euren Surfshop unterst\u00fctzen. Da wir aufgrund der globalen Krisen weniger Eink\u00fcnfte durch ausbleibenden Tourismus haben, aber laufende Kosten decken m\u00fcssen, sind wir auf eure Hilfe angewiesen. Der Gutschein hat eine G\u00fcltigkeit von 2 Jahren und ihr bekommt beim Einl\u00f6sen 5% Erm\u00e4\u00dfigung.Vielen [&hellip;]<\/p>","protected":false},"author":1,"featured_media":0,"parent":0,"menu_order":0,"comment_status":"closed","ping_status":"closed","template":"","meta":{"footnotes":""},"class_list":["post-309","page","type-page","status-publish","hentry"],"yoast_head":"<!-- This site is optimized with the Yoast SEO plugin v26.8 - https:\/\/yoast.com\/product\/yoast-seo-wordpress\/ -->\n<title>Gutschein - Canarian Surf Fruit<\/title>\n<meta name=\"robots\" content=\"index, follow, max-snippet:-1, max-image-preview:large, max-video-preview:-1\" \/>\n<link rel=\"canonical\" href=\"https:\/\/www.canariansurffruit.com\/en\/gutschein\/\" \/>\n<meta property=\"og:locale\" content=\"en_GB\" \/>\n<meta property=\"og:type\" content=\"article\" \/>\n<meta property=\"og:title\" content=\"Gutschein - Canarian Surf Fruit\" \/>\n<meta property=\"og:description\" content=\"Support your local Surfshop! Hier k\u00f6nnt ihr ganz einfach mit dem Kauf eines Gutscheins euren Surfshop unterst\u00fctzen. Da wir aufgrund der globalen Krisen weniger Eink\u00fcnfte durch ausbleibenden Tourismus haben, aber laufende Kosten decken m\u00fcssen, sind wir auf eure Hilfe angewiesen. Der Gutschein hat eine G\u00fcltigkeit von 2 Jahren und ihr bekommt beim Einl\u00f6sen 5% Erm\u00e4\u00dfigung.Vielen [&hellip;]\" \/>\n<meta property=\"og:url\" content=\"https:\/\/www.canariansurffruit.com\/en\/gutschein\/\" \/>\n<meta property=\"og:site_name\" content=\"Canarian Surf Fruit\" \/>\n<meta property=\"article:modified_time\" content=\"2022-08-25T17:16:19+00:00\" \/>\n<meta property=\"og:image\" content=\"https:\/\/www.canariansurffruit.com\/wp-content\/uploads\/2020\/05\/Gutschein-1024x682.jpg\" \/>\n<meta name=\"twitter:card\" content=\"summary_large_image\" \/>\n<meta name=\"twitter:label1\" content=\"Estimated reading time\" \/>\n\t<meta name=\"twitter:data1\" content=\"1 minute\" \/>\n<script type=\"application\/ld+json\" class=\"yoast-schema-graph\">{\"@context\":\"https:\/\/schema.org\",\"@graph\":[{\"@type\":\"WebPage\",\"@id\":\"https:\/\/www.canariansurffruit.com\/gutschein\/\",\"url\":\"https:\/\/www.canariansurffruit.com\/gutschein\/\",\"name\":\"Gutschein - Canarian Surf Fruit\",\"isPartOf\":{\"@id\":\"https:\/\/www.canariansurffruit.com\/#website\"},\"primaryImageOfPage\":{\"@id\":\"https:\/\/www.canariansurffruit.com\/gutschein\/#primaryimage\"},\"image\":{\"@id\":\"https:\/\/www.canariansurffruit.com\/gutschein\/#primaryimage\"},\"thumbnailUrl\":\"https:\/\/www.canariansurffruit.com\/wp-content\/uploads\/2020\/05\/Gutschein-1024x682.jpg\",\"datePublished\":\"2020-04-23T11:13:09+00:00\",\"dateModified\":\"2022-08-25T17:16:19+00:00\",\"breadcrumb\":{\"@id\":\"https:\/\/www.canariansurffruit.com\/gutschein\/#breadcrumb\"},\"inLanguage\":\"en-GB\",\"potentialAction\":[{\"@type\":\"ReadAction\",\"target\":[\"https:\/\/www.canariansurffruit.com\/gutschein\/\"]}]},{\"@type\":\"ImageObject\",\"inLanguage\":\"en-GB\",\"@id\":\"https:\/\/www.canariansurffruit.com\/gutschein\/#primaryimage\",\"url\":\"https:\/\/www.canariansurffruit.com\/wp-content\/uploads\/2020\/05\/Gutschein-1024x682.jpg\",\"contentUrl\":\"https:\/\/www.canariansurffruit.com\/wp-content\/uploads\/2020\/05\/Gutschein-1024x682.jpg\"},{\"@type\":\"BreadcrumbList\",\"@id\":\"https:\/\/www.canariansurffruit.com\/gutschein\/#breadcrumb\",\"itemListElement\":[{\"@type\":\"ListItem\",\"position\":1,\"name\":\"Startseite\",\"item\":\"https:\/\/www.canariansurffruit.com\/\"},{\"@type\":\"ListItem\",\"position\":2,\"name\":\"Gutschein\"}]},{\"@type\":\"WebSite\",\"@id\":\"https:\/\/www.canariansurffruit.com\/#website\",\"url\":\"https:\/\/www.canariansurffruit.com\/\",\"name\":\"Canarian Surf Fruit\",\"description\":\"Der Surf und Lifestyle Laden direkt am Beach von El Medano\",\"publisher\":{\"@id\":\"https:\/\/www.canariansurffruit.com\/#organization\"},\"potentialAction\":[{\"@type\":\"SearchAction\",\"target\":{\"@type\":\"EntryPoint\",\"urlTemplate\":\"https:\/\/www.canariansurffruit.com\/?s={search_term_string}\"},\"query-input\":{\"@type\":\"PropertyValueSpecification\",\"valueRequired\":true,\"valueName\":\"search_term_string\"}}],\"inLanguage\":\"en-GB\"},{\"@type\":\"Organization\",\"@id\":\"https:\/\/www.canariansurffruit.com\/#organization\",\"name\":\"Canarian Surf Fruit\",\"url\":\"https:\/\/www.canariansurffruit.com\/\",\"logo\":{\"@type\":\"ImageObject\",\"inLanguage\":\"en-GB\",\"@id\":\"https:\/\/www.canariansurffruit.com\/#\/schema\/logo\/image\/\",\"url\":\"https:\/\/www.canariansurffruit.com\/wp-content\/uploads\/2020\/06\/Header-Logo4.jpg\",\"contentUrl\":\"https:\/\/www.canariansurffruit.com\/wp-content\/uploads\/2020\/06\/Header-Logo4.jpg\",\"width\":220,\"height\":70,\"caption\":\"Canarian Surf Fruit\"},\"image\":{\"@id\":\"https:\/\/www.canariansurffruit.com\/#\/schema\/logo\/image\/\"}}]}<\/script>\n<!-- \/ Yoast SEO plugin. -->","yoast_head_json":{"title":"Gutschein - Canarian Surf Fruit","robots":{"index":"index","follow":"follow","max-snippet":"max-snippet:-1","max-image-preview":"max-image-preview:large","max-video-preview":"max-video-preview:-1"},"canonical":"https:\/\/www.canariansurffruit.com\/en\/gutschein\/","og_locale":"en_GB","og_type":"article","og_title":"Gutschein - Canarian Surf Fruit","og_description":"Support your local Surfshop! Hier k\u00f6nnt ihr ganz einfach mit dem Kauf eines Gutscheins euren Surfshop unterst\u00fctzen. Da wir aufgrund der globalen Krisen weniger Eink\u00fcnfte durch ausbleibenden Tourismus haben, aber laufende Kosten decken m\u00fcssen, sind wir auf eure Hilfe angewiesen. Der Gutschein hat eine G\u00fcltigkeit von 2 Jahren und ihr bekommt beim Einl\u00f6sen 5% Erm\u00e4\u00dfigung.Vielen [&hellip;]","og_url":"https:\/\/www.canariansurffruit.com\/en\/gutschein\/","og_site_name":"Canarian Surf Fruit","article_modified_time":"2022-08-25T17:16:19+00:00","og_image":[{"url":"https:\/\/www.canariansurffruit.com\/wp-content\/uploads\/2020\/05\/Gutschein-1024x682.jpg","type":"","width":"","height":""}],"twitter_card":"summary_large_image","twitter_misc":{"Estimated reading time":"1 minute"},"schema":{"@context":"https:\/\/schema.org","@graph":[{"@type":"WebPage","@id":"https:\/\/www.canariansurffruit.com\/gutschein\/","url":"https:\/\/www.canariansurffruit.com\/gutschein\/","name":"Gutschein - Canarian Surf Fruit","isPartOf":{"@id":"https:\/\/www.canariansurffruit.com\/#website"},"primaryImageOfPage":{"@id":"https:\/\/www.canariansurffruit.com\/gutschein\/#primaryimage"},"image":{"@id":"https:\/\/www.canariansurffruit.com\/gutschein\/#primaryimage"},"thumbnailUrl":"https:\/\/www.canariansurffruit.com\/wp-content\/uploads\/2020\/05\/Gutschein-1024x682.jpg","datePublished":"2020-04-23T11:13:09+00:00","dateModified":"2022-08-25T17:16:19+00:00","breadcrumb":{"@id":"https:\/\/www.canariansurffruit.com\/gutschein\/#breadcrumb"},"inLanguage":"en-GB","potentialAction":[{"@type":"ReadAction","target":["https:\/\/www.canariansurffruit.com\/gutschein\/"]}]},{"@type":"ImageObject","inLanguage":"en-GB","@id":"https:\/\/www.canariansurffruit.com\/gutschein\/#primaryimage","url":"https:\/\/www.canariansurffruit.com\/wp-content\/uploads\/2020\/05\/Gutschein-1024x682.jpg","contentUrl":"https:\/\/www.canariansurffruit.com\/wp-content\/uploads\/2020\/05\/Gutschein-1024x682.jpg"},{"@type":"BreadcrumbList","@id":"https:\/\/www.canariansurffruit.com\/gutschein\/#breadcrumb","itemListElement":[{"@type":"ListItem","position":1,"name":"Startseite","item":"https:\/\/www.canariansurffruit.com\/"},{"@type":"ListItem","position":2,"name":"Gutschein"}]},{"@type":"WebSite","@id":"https:\/\/www.canariansurffruit.com\/#website","url":"https:\/\/www.canariansurffruit.com\/","name":"Canarian Surf Fruit","description":"Der Surf und Lifestyle Laden direkt am Beach von El Medano","publisher":{"@id":"https:\/\/www.canariansurffruit.com\/#organization"},"potentialAction":[{"@type":"SearchAction","target":{"@type":"EntryPoint","urlTemplate":"https:\/\/www.canariansurffruit.com\/?s={search_term_string}"},"query-input":{"@type":"PropertyValueSpecification","valueRequired":true,"valueName":"search_term_string"}}],"inLanguage":"en-GB"},{"@type":"Organization","@id":"https:\/\/www.canariansurffruit.com\/#organization","name":"Canarian Surf Fruit","url":"https:\/\/www.canariansurffruit.com\/","logo":{"@type":"ImageObject","inLanguage":"en-GB","@id":"https:\/\/www.canariansurffruit.com\/#\/schema\/logo\/image\/","url":"https:\/\/www.canariansurffruit.com\/wp-content\/uploads\/2020\/06\/Header-Logo4.jpg","contentUrl":"https:\/\/www.canariansurffruit.com\/wp-content\/uploads\/2020\/06\/Header-Logo4.jpg","width":220,"height":70,"caption":"Canarian Surf Fruit"},"image":{"@id":"https:\/\/www.canariansurffruit.com\/#\/schema\/logo\/image\/"}}]}},"_links":{"self":[{"href":"https:\/\/www.canariansurffruit.com\/en\/wp-json\/wp\/v2\/pages\/309","targetHints":{"allow":["GET"]}}],"collection":[{"href":"https:\/\/www.canariansurffruit.com\/en\/wp-json\/wp\/v2\/pages"}],"about":[{"href":"https:\/\/www.canariansurffruit.com\/en\/wp-json\/wp\/v2\/types\/page"}],"author":[{"embeddable":true,"href":"https:\/\/www.canariansurffruit.com\/en\/wp-json\/wp\/v2\/users\/1"}],"replies":[{"embeddable":true,"href":"https:\/\/www.canariansurffruit.com\/en\/wp-json\/wp\/v2\/comments?post=309"}],"version-history":[{"count":20,"href":"https:\/\/www.canariansurffruit.com\/en\/wp-json\/wp\/v2\/pages\/309\/revisions"}],"predecessor-version":[{"id":986,"href":"https:\/\/www.canariansurffruit.com\/en\/wp-json\/wp\/v2\/pages\/309\/revisions\/986"}],"wp:attachment":[{"href":"https:\/\/www.canariansurffruit.com\/en\/wp-json\/wp\/v2\/media?parent=309"}],"curies":[{"name":"wp","href":"https:\/\/api.w.org\/{rel}","templated":true}]}}