{"id":43,"date":"2020-04-21T18:10:25","date_gmt":"2020-04-21T16:10:25","guid":{"rendered":"https:\/\/www.canariansurffruit.com\/?page_id=43"},"modified":"2020-09-23T10:42:13","modified_gmt":"2020-09-23T08:42:13","slug":"boardlager","status":"publish","type":"page","link":"https:\/\/www.canariansurffruit.com\/en\/board-storage\/","title":{"rendered":"Board storage for your surf equipment"},"content":{"rendered":"<p>You have equipment? No matter if sail, board or kite - we have space for your complete surf equipment! Safe lockers and practical storage - because the board storage is only a few steps away from the beach, directly at the surf spot in El M\u00e9dano. The lockers offer enough space for one or two windsurf boards, suits and sails can be hung up separately.<\/p>\n\n\n\n<p>After surfing you have the possibility to shower or use the toilet in the board storage.<\/p>\n\n\n\n<p><strong>You can get more information about storing your equipment either directly from us in our shop or by email. Just fill out the form below. We take care of the rest. You just enjoy.<\/strong><\/p>\n\n\n\n<div style=\"height:65px\" aria-hidden=\"true\" class=\"wp-block-spacer\"><\/div>\n\n\n\n<figure class=\"wp-block-gallery columns-3 is-cropped wp-block-gallery-1 is-layout-flex wp-block-gallery-is-layout-flex\"><ul class=\"blocks-gallery-grid\"><li class=\"blocks-gallery-item\"><figure><img loading=\"lazy\" decoding=\"async\" width=\"768\" height=\"1024\" src=\"https:\/\/www.canariansurffruit.com\/wp-content\/uploads\/2020\/09\/IMG-20200922-WA0002-768x1024.jpg\" alt=\"\" data-id=\"926\" data-full-url=\"https:\/\/www.canariansurffruit.com\/wp-content\/uploads\/2020\/09\/IMG-20200922-WA0002.jpg\" data-link=\"https:\/\/www.canariansurffruit.com\/boardlager\/img-20200922-wa0002\/\" class=\"wp-image-926\" srcset=\"https:\/\/www.canariansurffruit.com\/wp-content\/uploads\/2020\/09\/IMG-20200922-WA0002-768x1024.jpg 768w, https:\/\/www.canariansurffruit.com\/wp-content\/uploads\/2020\/09\/IMG-20200922-WA0002-225x300.jpg 225w, https:\/\/www.canariansurffruit.com\/wp-content\/uploads\/2020\/09\/IMG-20200922-WA0002-1152x1536.jpg 1152w, https:\/\/www.canariansurffruit.com\/wp-content\/uploads\/2020\/09\/IMG-20200922-WA0002-600x800.jpg 600w, https:\/\/www.canariansurffruit.com\/wp-content\/uploads\/2020\/09\/IMG-20200922-WA0002.jpg 1200w\" sizes=\"auto, (max-width: 768px) 100vw, 768px\" \/><\/figure><\/li><li class=\"blocks-gallery-item\"><figure><img loading=\"lazy\" decoding=\"async\" width=\"640\" height=\"480\" src=\"https:\/\/www.canariansurffruit.com\/wp-content\/uploads\/2020\/04\/phoca_thumb_l_SSC_0312.jpg\" alt=\"\" data-id=\"322\" data-link=\"https:\/\/www.canariansurffruit.com\/?attachment_id=322\" class=\"wp-image-322\" srcset=\"https:\/\/www.canariansurffruit.com\/wp-content\/uploads\/2020\/04\/phoca_thumb_l_SSC_0312.jpg 640w, https:\/\/www.canariansurffruit.com\/wp-content\/uploads\/2020\/04\/phoca_thumb_l_SSC_0312-600x450.jpg 600w, https:\/\/www.canariansurffruit.com\/wp-content\/uploads\/2020\/04\/phoca_thumb_l_SSC_0312-300x225.jpg 300w\" sizes=\"auto, (max-width: 640px) 100vw, 640px\" \/><\/figure><\/li><li class=\"blocks-gallery-item\"><figure><img loading=\"lazy\" decoding=\"async\" width=\"360\" height=\"480\" src=\"https:\/\/www.canariansurffruit.com\/wp-content\/uploads\/2020\/04\/phoca_thumb_l_SSC_0307.jpg\" alt=\"\" data-id=\"323\" data-link=\"https:\/\/www.canariansurffruit.com\/?attachment_id=323\" class=\"wp-image-323\" srcset=\"https:\/\/www.canariansurffruit.com\/wp-content\/uploads\/2020\/04\/phoca_thumb_l_SSC_0307.jpg 360w, https:\/\/www.canariansurffruit.com\/wp-content\/uploads\/2020\/04\/phoca_thumb_l_SSC_0307-225x300.jpg 225w\" sizes=\"auto, (max-width: 360px) 100vw, 360px\" \/><\/figure><\/li><li class=\"blocks-gallery-item\"><figure><img loading=\"lazy\" decoding=\"async\" width=\"1024\" height=\"736\" src=\"https:\/\/www.canariansurffruit.com\/wp-content\/uploads\/2020\/04\/IMG_2178-1024x736.jpeg\" alt=\"\" data-id=\"138\" data-link=\"https:\/\/www.canariansurffruit.com\/?attachment_id=138\" class=\"wp-image-138\" srcset=\"https:\/\/www.canariansurffruit.com\/wp-content\/uploads\/2020\/04\/IMG_2178-1024x736.jpeg 1024w, https:\/\/www.canariansurffruit.com\/wp-content\/uploads\/2020\/04\/boardlager-600x431.jpeg 600w, https:\/\/www.canariansurffruit.com\/wp-content\/uploads\/2020\/04\/IMG_2178-300x216.jpeg 300w, https:\/\/www.canariansurffruit.com\/wp-content\/uploads\/2020\/04\/IMG_2178-768x552.jpeg 768w, https:\/\/www.canariansurffruit.com\/wp-content\/uploads\/2020\/04\/IMG_2178-1536x1103.jpeg 1536w, https:\/\/www.canariansurffruit.com\/wp-content\/uploads\/2020\/04\/IMG_2178-2048x1471.jpeg 2048w\" sizes=\"auto, (max-width: 1024px) 100vw, 1024px\" \/><\/figure><\/li><\/ul><\/figure>\n\n\n\n<p class=\"has-text-align-left\">\n<div class=\"wpcf7 no-js\" id=\"wpcf7-f339-o1\" lang=\"de-DE\" dir=\"ltr\" data-wpcf7-id=\"339\">\n<div class=\"screen-reader-response\"><p role=\"status\" aria-live=\"polite\" aria-atomic=\"true\"><\/p> <ul><\/ul><\/div>\n<form action=\"\/en\/wp-json\/wp\/v2\/pages\/43#wpcf7-f339-o1\" method=\"post\" class=\"wpcf7-form init wpcf7-acceptance-as-validation\" aria-label=\"Contact form\" novalidate=\"novalidate\" data-status=\"init\" data-trp-original-action=\"\/en\/wp-json\/wp\/v2\/pages\/43#wpcf7-f339-o1\">\n<fieldset class=\"hidden-fields-container\"><input type=\"hidden\" name=\"_wpcf7\" value=\"339\" \/><input type=\"hidden\" name=\"_wpcf7_version\" value=\"6.1.4\" \/><input type=\"hidden\" name=\"_wpcf7_locale\" value=\"de_DE\" \/><input type=\"hidden\" name=\"_wpcf7_unit_tag\" value=\"wpcf7-f339-o1\" \/><input type=\"hidden\" name=\"_wpcf7_container_post\" value=\"0\" \/><input type=\"hidden\" name=\"_wpcf7_posted_data_hash\" value=\"\" \/><input type=\"hidden\" name=\"_wpcf7dtx_version\" value=\"5.0.4\" \/>\n<\/fieldset>\n<p><label> Your name (required field)<br \/>\n<span class=\"wpcf7-form-control-wrap\" data-name=\"your-name\"><input size=\"40\" maxlength=\"400\" class=\"wpcf7-form-control wpcf7-text wpcf7-validates-as-required\" aria-required=\"true\" aria-invalid=\"false\" value=\"\" type=\"text\" name=\"your-name\" \/><\/span> <\/label>\n<\/p>\n<p><span id=\"wpcf7-69f5a89598c56-wrapper\" class=\"wpcf7-form-control-wrap E-Mail-wrap\" style=\"display:none !important; visibility:hidden !important;\"><label for=\"wpcf7-69f5a89598c56-field\" class=\"hp-message\">Bitte lasse dieses Feld leer.<\/label><input id=\"wpcf7-69f5a89598c56-field\"  class=\"wpcf7-form-control wpcf7-text\" type=\"text\" name=\"E-Mail\" value=\"\" size=\"40\" tabindex=\"-1\" autocomplete=\"new-password\" \/><\/span><br \/>\n<span id=\"wpcf7-69f5a89598cd5-wrapper\" class=\"wpcf7-form-control-wrap Website-wrap\" style=\"display:none !important; visibility:hidden !important;\"><label for=\"wpcf7-69f5a89598cd5-field\" class=\"hp-message\">Bitte lasse dieses Feld leer.<\/label><input id=\"wpcf7-69f5a89598cd5-field\"  class=\"wpcf7-form-control wpcf7-text\" type=\"text\" name=\"Website\" value=\"\" size=\"40\" tabindex=\"-1\" autocomplete=\"new-password\" \/><\/span>\n<\/p>\n<p><label> Your email address (required field)<br \/>\n<span class=\"wpcf7-form-control-wrap\" data-name=\"your-email\"><input size=\"40\" maxlength=\"400\" class=\"wpcf7-form-control wpcf7-email wpcf7-validates-as-required wpcf7-text wpcf7-validates-as-email\" aria-required=\"true\" aria-invalid=\"false\" value=\"\" type=\"email\" name=\"your-email\" \/><\/span> <\/label>\n<\/p>\n<p><label> Your message<br \/>\n<span class=\"wpcf7-form-control-wrap\" data-name=\"your-message\"><textarea cols=\"40\" rows=\"10\" maxlength=\"2000\" class=\"wpcf7-form-control wpcf7-textarea\" aria-invalid=\"false\" name=\"your-message\"><\/textarea><\/span> <\/label>\n<\/p>\n<p><span class=\"wpcf7-form-control-wrap\" data-name=\"dsgvo\"><span class=\"wpcf7-form-control wpcf7-acceptance\"><span class=\"wpcf7-list-item\"><label><input type=\"checkbox\" name=\"dsgvo\" value=\"1\" aria-invalid=\"false\" \/><span class=\"wpcf7-list-item-label\">I agree that Canarian Surf Fruit may electronically store and process my data for the purpose of contacting me. The data will be processed in accordance with the applicable data protection guidelines and will not be passed on to third parties. You can find detailed information about the handling of user data in our privacy policy. <a href=\"https:\/\/www.canariansurffruit.com\/en\/datenschutz\/\">Data protection<\/a>.<\/span><\/label><\/span><\/span><\/span>\n<\/p>\n<p><input class=\"wpcf7-form-control wpcf7-submit has-spinner\" type=\"submit\" value=\"SUBMIT\" \/>\n<\/p><div class=\"wpcf7-response-output\" aria-hidden=\"true\"><\/div>\n<input type=\"hidden\" name=\"trp-form-language\" value=\"en\"\/><\/form>\n<\/div>\n<\/p>","protected":false},"excerpt":{"rendered":"<p>Du hast Equipment? Egal ob Segel, Brett oder Kite \u2013 wir haben Platz f\u00fcr Dein komplettes Surfmaterial! Sichere Boxen und praktische Einlagerung &#8211; denn das Boardlager liegt nur wenige Schritte vom Strand entfernt, direkt am Surfspot in El M\u00e9dano. Die Boxen bieten gen\u00fcgend Platz f\u00fcr ein bis zwei Windsurfboards, Anz\u00fcge und Segel k\u00f6nnen separat aufgeh\u00e4ngt [&hellip;]<\/p>","protected":false},"author":1,"featured_media":0,"parent":0,"menu_order":0,"comment_status":"closed","ping_status":"closed","template":"","meta":{"footnotes":""},"class_list":["post-43","page","type-page","status-publish","hentry"],"yoast_head":"<!-- This site is optimized with the Yoast SEO plugin v26.8 - https:\/\/yoast.com\/product\/yoast-seo-wordpress\/ -->\n<title>Boardlager f\u00fcr dein Surfmaterial - Lagere dein komplettes Surfmaterial bei uns ein<\/title>\n<meta name=\"description\" content=\"Bei uns kannst du dein komplettes Surfmaterial einlagern. Unser Boardlager steht dir in unserem Laden direkt am Strand von El M\u00e9dano zur Verf\u00fcgung.\" \/>\n<meta name=\"robots\" content=\"index, follow, max-snippet:-1, max-image-preview:large, max-video-preview:-1\" \/>\n<link rel=\"canonical\" href=\"https:\/\/www.canariansurffruit.com\/en\/boardlager\/\" \/>\n<meta property=\"og:locale\" content=\"en_GB\" \/>\n<meta property=\"og:type\" content=\"article\" \/>\n<meta property=\"og:title\" content=\"Boardlager f\u00fcr dein Surfmaterial - Lagere dein komplettes Surfmaterial bei uns ein\" \/>\n<meta property=\"og:description\" content=\"Bei uns kannst du dein komplettes Surfmaterial einlagern. Unser Boardlager steht dir in unserem Laden direkt am Strand von El M\u00e9dano zur Verf\u00fcgung.\" \/>\n<meta property=\"og:url\" content=\"https:\/\/www.canariansurffruit.com\/en\/boardlager\/\" \/>\n<meta property=\"og:site_name\" content=\"Canarian Surf Fruit\" \/>\n<meta property=\"article:modified_time\" content=\"2020-09-23T08:42:13+00:00\" \/>\n<meta property=\"og:image\" content=\"https:\/\/www.canariansurffruit.com\/wp-content\/uploads\/2020\/09\/IMG-20200922-WA0002-768x1024.jpg\" \/>\n<meta name=\"twitter:card\" content=\"summary_large_image\" \/>\n<meta name=\"twitter:label1\" content=\"Estimated reading time\" \/>\n\t<meta name=\"twitter:data1\" content=\"1 minute\" \/>\n<script type=\"application\/ld+json\" class=\"yoast-schema-graph\">{\"@context\":\"https:\/\/schema.org\",\"@graph\":[{\"@type\":\"WebPage\",\"@id\":\"https:\/\/www.canariansurffruit.com\/boardlager\/\",\"url\":\"https:\/\/www.canariansurffruit.com\/boardlager\/\",\"name\":\"Boardlager f\u00fcr dein Surfmaterial - Lagere dein komplettes Surfmaterial bei uns ein\",\"isPartOf\":{\"@id\":\"https:\/\/www.canariansurffruit.com\/#website\"},\"primaryImageOfPage\":{\"@id\":\"https:\/\/www.canariansurffruit.com\/boardlager\/#primaryimage\"},\"image\":{\"@id\":\"https:\/\/www.canariansurffruit.com\/boardlager\/#primaryimage\"},\"thumbnailUrl\":\"https:\/\/www.canariansurffruit.com\/wp-content\/uploads\/2020\/09\/IMG-20200922-WA0002-768x1024.jpg\",\"datePublished\":\"2020-04-21T16:10:25+00:00\",\"dateModified\":\"2020-09-23T08:42:13+00:00\",\"description\":\"Bei uns kannst du dein komplettes Surfmaterial einlagern. Unser Boardlager steht dir in unserem Laden direkt am Strand von El M\u00e9dano zur Verf\u00fcgung.\",\"breadcrumb\":{\"@id\":\"https:\/\/www.canariansurffruit.com\/boardlager\/#breadcrumb\"},\"inLanguage\":\"en-GB\",\"potentialAction\":[{\"@type\":\"ReadAction\",\"target\":[\"https:\/\/www.canariansurffruit.com\/boardlager\/\"]}]},{\"@type\":\"ImageObject\",\"inLanguage\":\"en-GB\",\"@id\":\"https:\/\/www.canariansurffruit.com\/boardlager\/#primaryimage\",\"url\":\"https:\/\/www.canariansurffruit.com\/wp-content\/uploads\/2020\/09\/IMG-20200922-WA0002-768x1024.jpg\",\"contentUrl\":\"https:\/\/www.canariansurffruit.com\/wp-content\/uploads\/2020\/09\/IMG-20200922-WA0002-768x1024.jpg\"},{\"@type\":\"BreadcrumbList\",\"@id\":\"https:\/\/www.canariansurffruit.com\/boardlager\/#breadcrumb\",\"itemListElement\":[{\"@type\":\"ListItem\",\"position\":1,\"name\":\"Startseite\",\"item\":\"https:\/\/www.canariansurffruit.com\/\"},{\"@type\":\"ListItem\",\"position\":2,\"name\":\"Boardlager f\u00fcr dein Surfmaterial\"}]},{\"@type\":\"WebSite\",\"@id\":\"https:\/\/www.canariansurffruit.com\/#website\",\"url\":\"https:\/\/www.canariansurffruit.com\/\",\"name\":\"Canarian Surf Fruit\",\"description\":\"Der Surf und Lifestyle Laden direkt am Beach von El Medano\",\"publisher\":{\"@id\":\"https:\/\/www.canariansurffruit.com\/#organization\"},\"potentialAction\":[{\"@type\":\"SearchAction\",\"target\":{\"@type\":\"EntryPoint\",\"urlTemplate\":\"https:\/\/www.canariansurffruit.com\/?s={search_term_string}\"},\"query-input\":{\"@type\":\"PropertyValueSpecification\",\"valueRequired\":true,\"valueName\":\"search_term_string\"}}],\"inLanguage\":\"en-GB\"},{\"@type\":\"Organization\",\"@id\":\"https:\/\/www.canariansurffruit.com\/#organization\",\"name\":\"Canarian Surf Fruit\",\"url\":\"https:\/\/www.canariansurffruit.com\/\",\"logo\":{\"@type\":\"ImageObject\",\"inLanguage\":\"en-GB\",\"@id\":\"https:\/\/www.canariansurffruit.com\/#\/schema\/logo\/image\/\",\"url\":\"https:\/\/www.canariansurffruit.com\/wp-content\/uploads\/2020\/06\/Header-Logo4.jpg\",\"contentUrl\":\"https:\/\/www.canariansurffruit.com\/wp-content\/uploads\/2020\/06\/Header-Logo4.jpg\",\"width\":220,\"height\":70,\"caption\":\"Canarian Surf Fruit\"},\"image\":{\"@id\":\"https:\/\/www.canariansurffruit.com\/#\/schema\/logo\/image\/\"}}]}<\/script>\n<!-- \/ Yoast SEO plugin. -->","yoast_head_json":{"title":"Boardlager f\u00fcr dein Surfmaterial - Lagere dein komplettes Surfmaterial bei uns ein","description":"Bei uns kannst du dein komplettes Surfmaterial einlagern. Unser Boardlager steht dir in unserem Laden direkt am Strand von El M\u00e9dano zur Verf\u00fcgung.","robots":{"index":"index","follow":"follow","max-snippet":"max-snippet:-1","max-image-preview":"max-image-preview:large","max-video-preview":"max-video-preview:-1"},"canonical":"https:\/\/www.canariansurffruit.com\/en\/boardlager\/","og_locale":"en_GB","og_type":"article","og_title":"Boardlager f\u00fcr dein Surfmaterial - Lagere dein komplettes Surfmaterial bei uns ein","og_description":"Bei uns kannst du dein komplettes Surfmaterial einlagern. Unser Boardlager steht dir in unserem Laden direkt am Strand von El M\u00e9dano zur Verf\u00fcgung.","og_url":"https:\/\/www.canariansurffruit.com\/en\/boardlager\/","og_site_name":"Canarian Surf Fruit","article_modified_time":"2020-09-23T08:42:13+00:00","og_image":[{"url":"https:\/\/www.canariansurffruit.com\/wp-content\/uploads\/2020\/09\/IMG-20200922-WA0002-768x1024.jpg","type":"","width":"","height":""}],"twitter_card":"summary_large_image","twitter_misc":{"Estimated reading time":"1 minute"},"schema":{"@context":"https:\/\/schema.org","@graph":[{"@type":"WebPage","@id":"https:\/\/www.canariansurffruit.com\/boardlager\/","url":"https:\/\/www.canariansurffruit.com\/boardlager\/","name":"Boardlager f\u00fcr dein Surfmaterial - Lagere dein komplettes Surfmaterial bei uns ein","isPartOf":{"@id":"https:\/\/www.canariansurffruit.com\/#website"},"primaryImageOfPage":{"@id":"https:\/\/www.canariansurffruit.com\/boardlager\/#primaryimage"},"image":{"@id":"https:\/\/www.canariansurffruit.com\/boardlager\/#primaryimage"},"thumbnailUrl":"https:\/\/www.canariansurffruit.com\/wp-content\/uploads\/2020\/09\/IMG-20200922-WA0002-768x1024.jpg","datePublished":"2020-04-21T16:10:25+00:00","dateModified":"2020-09-23T08:42:13+00:00","description":"Bei uns kannst du dein komplettes Surfmaterial einlagern. Unser Boardlager steht dir in unserem Laden direkt am Strand von El M\u00e9dano zur Verf\u00fcgung.","breadcrumb":{"@id":"https:\/\/www.canariansurffruit.com\/boardlager\/#breadcrumb"},"inLanguage":"en-GB","potentialAction":[{"@type":"ReadAction","target":["https:\/\/www.canariansurffruit.com\/boardlager\/"]}]},{"@type":"ImageObject","inLanguage":"en-GB","@id":"https:\/\/www.canariansurffruit.com\/boardlager\/#primaryimage","url":"https:\/\/www.canariansurffruit.com\/wp-content\/uploads\/2020\/09\/IMG-20200922-WA0002-768x1024.jpg","contentUrl":"https:\/\/www.canariansurffruit.com\/wp-content\/uploads\/2020\/09\/IMG-20200922-WA0002-768x1024.jpg"},{"@type":"BreadcrumbList","@id":"https:\/\/www.canariansurffruit.com\/boardlager\/#breadcrumb","itemListElement":[{"@type":"ListItem","position":1,"name":"Startseite","item":"https:\/\/www.canariansurffruit.com\/"},{"@type":"ListItem","position":2,"name":"Boardlager f\u00fcr dein Surfmaterial"}]},{"@type":"WebSite","@id":"https:\/\/www.canariansurffruit.com\/#website","url":"https:\/\/www.canariansurffruit.com\/","name":"Canarian Surf Fruit","description":"Der Surf und Lifestyle Laden direkt am Beach von El Medano","publisher":{"@id":"https:\/\/www.canariansurffruit.com\/#organization"},"potentialAction":[{"@type":"SearchAction","target":{"@type":"EntryPoint","urlTemplate":"https:\/\/www.canariansurffruit.com\/?s={search_term_string}"},"query-input":{"@type":"PropertyValueSpecification","valueRequired":true,"valueName":"search_term_string"}}],"inLanguage":"en-GB"},{"@type":"Organization","@id":"https:\/\/www.canariansurffruit.com\/#organization","name":"Canarian Surf Fruit","url":"https:\/\/www.canariansurffruit.com\/","logo":{"@type":"ImageObject","inLanguage":"en-GB","@id":"https:\/\/www.canariansurffruit.com\/#\/schema\/logo\/image\/","url":"https:\/\/www.canariansurffruit.com\/wp-content\/uploads\/2020\/06\/Header-Logo4.jpg","contentUrl":"https:\/\/www.canariansurffruit.com\/wp-content\/uploads\/2020\/06\/Header-Logo4.jpg","width":220,"height":70,"caption":"Canarian Surf Fruit"},"image":{"@id":"https:\/\/www.canariansurffruit.com\/#\/schema\/logo\/image\/"}}]}},"_links":{"self":[{"href":"https:\/\/www.canariansurffruit.com\/en\/wp-json\/wp\/v2\/pages\/43","targetHints":{"allow":["GET"]}}],"collection":[{"href":"https:\/\/www.canariansurffruit.com\/en\/wp-json\/wp\/v2\/pages"}],"about":[{"href":"https:\/\/www.canariansurffruit.com\/en\/wp-json\/wp\/v2\/types\/page"}],"author":[{"embeddable":true,"href":"https:\/\/www.canariansurffruit.com\/en\/wp-json\/wp\/v2\/users\/1"}],"replies":[{"embeddable":true,"href":"https:\/\/www.canariansurffruit.com\/en\/wp-json\/wp\/v2\/comments?post=43"}],"version-history":[{"count":27,"href":"https:\/\/www.canariansurffruit.com\/en\/wp-json\/wp\/v2\/pages\/43\/revisions"}],"predecessor-version":[{"id":939,"href":"https:\/\/www.canariansurffruit.com\/en\/wp-json\/wp\/v2\/pages\/43\/revisions\/939"}],"wp:attachment":[{"href":"https:\/\/www.canariansurffruit.com\/en\/wp-json\/wp\/v2\/media?parent=43"}],"curies":[{"name":"wp","href":"https:\/\/api.w.org\/{rel}","templated":true}]}}