{"id":745,"date":"2020-05-24T14:22:18","date_gmt":"2020-05-24T12:22:18","guid":{"rendered":"https:\/\/www.canariansurffruit.com\/?page_id=745"},"modified":"2020-05-28T13:37:15","modified_gmt":"2020-05-28T11:37:15","slug":"unser-shop","status":"publish","type":"page","link":"https:\/\/www.canariansurffruit.com\/en\/our-shop\/","title":{"rendered":"Our Shop"},"content":{"rendered":"<p class=\"translation-block\"><strong>Canarian Surf Fruit<\/strong>  is the oldest surf shop directly on the beach in El M\u00e9dano. The former \"hardware shop\" was opened in summer 1985. \u00a0<\/p>\n\n\n\n<p>In 1992 under J\u00fcrgen the surf shop became something like \"the place to be\", especially for windsurfers. At that time there were no kiters yet. They just met and hung out together and wore \"El M\u00e9dano T-Shirts\" as a distinctive feature. If a fin got broken, the surf shop was the first address.<\/p>\n\n\n\n<p class=\"translation-block\">Today you can find the latest and hippest clothes and accessories in the shop, which are part of a personal surf lifestyle. Of course we also offer you all the smaller and bigger designer labels that underline your individuality and are otherwise hard to get on the island. Besides the big brands like Rip Curl, Chiemsee, Ocean Earth, Timezone and Tranquillo, we also sell our own brand <strong>Canarian Surf Fruit<\/strong>, as well as products from the Clean Ocean Project of the Canary Islands. With this you not only look absolutely cool, but also support our environment, because the Clean Ocean Project has made it its mission to clean oceans and beaches from plastic waste.<\/p>\n\n\n\n<p class=\"translation-block\">Our <strong>Canarian Surf Fruit<\/strong>  brand clothes are made of pure cotton and guarantee an attractive wearing comfort. Both brands, <strong>Canarian Surf Fruit<\/strong> as well as some products of Clean Ocean Project, were produced especially for us and are also available in our online shop.<\/p>\n\n\n\n<p><strong>So the Canarian Surf Fruit Team welcomes you to our shop. Drop by or take a look at our online shop and have fun discovering new things.<\/strong><\/p>\n\n\n\n<p><strong>Hasta pronto!<\/strong><\/p>\n\n\n\n<figure class=\"wp-block-image alignwide size-full\"><img loading=\"lazy\" decoding=\"async\" width=\"1920\" height=\"1080\" src=\"https:\/\/www.canariansurffruit.com\/wp-content\/uploads\/2020\/05\/fru\u0308her_heute-FINAL-1.gif\" alt=\"Canarian Surf Fruit Shop in den 80er Jahren\" class=\"wp-image-550\"\/><\/figure>","protected":false},"excerpt":{"rendered":"<p>Canarian Surf Fruit ist der \u00e4lteste Surfshop direkt am Strand in El M\u00e9dano. Er\u00f6ffnet wurde der damalige \u201cHardware-Laden\u201d im Sommer 1985. \u00a0 Unter J\u00fcrgen wurde es 1992 der Surfshop, sowas wie \u201cthe place to be\u201d,&nbsp; vor allem bei den Windsurfern. Kiter gab es zu diesem Zeitpunkt noch nicht. Man kennt sich eben, h\u00e4ngt zusammmen ab [&hellip;]<\/p>","protected":false},"author":1,"featured_media":0,"parent":0,"menu_order":0,"comment_status":"closed","ping_status":"closed","template":"","meta":{"footnotes":""},"class_list":["post-745","page","type-page","status-publish","hentry"],"yoast_head":"<!-- This site is optimized with the Yoast SEO plugin v26.8 - https:\/\/yoast.com\/product\/yoast-seo-wordpress\/ -->\n<title>Unser Shop - Canarian Surf Fruit<\/title>\n<meta name=\"robots\" content=\"index, follow, max-snippet:-1, max-image-preview:large, max-video-preview:-1\" \/>\n<link rel=\"canonical\" href=\"https:\/\/www.canariansurffruit.com\/en\/unser-shop\/\" \/>\n<meta property=\"og:locale\" content=\"en_GB\" \/>\n<meta property=\"og:type\" content=\"article\" \/>\n<meta property=\"og:title\" content=\"Unser Shop - Canarian Surf Fruit\" \/>\n<meta property=\"og:description\" content=\"Canarian Surf Fruit ist der \u00e4lteste Surfshop direkt am Strand in El M\u00e9dano. Er\u00f6ffnet wurde der damalige \u201cHardware-Laden\u201d im Sommer 1985. \u00a0 Unter J\u00fcrgen wurde es 1992 der Surfshop, sowas wie \u201cthe place to be\u201d,&nbsp; vor allem bei den Windsurfern. Kiter gab es zu diesem Zeitpunkt noch nicht. Man kennt sich eben, h\u00e4ngt zusammmen ab [&hellip;]\" \/>\n<meta property=\"og:url\" content=\"https:\/\/www.canariansurffruit.com\/en\/unser-shop\/\" \/>\n<meta property=\"og:site_name\" content=\"Canarian Surf Fruit\" \/>\n<meta property=\"article:modified_time\" content=\"2020-05-28T11:37:15+00:00\" \/>\n<meta name=\"twitter:card\" content=\"summary_large_image\" \/>\n<meta name=\"twitter:label1\" content=\"Estimated reading time\" \/>\n\t<meta name=\"twitter:data1\" content=\"1 minute\" \/>\n<script type=\"application\/ld+json\" class=\"yoast-schema-graph\">{\"@context\":\"https:\/\/schema.org\",\"@graph\":[{\"@type\":\"WebPage\",\"@id\":\"https:\/\/www.canariansurffruit.com\/unser-shop\/\",\"url\":\"https:\/\/www.canariansurffruit.com\/unser-shop\/\",\"name\":\"Unser Shop - Canarian Surf Fruit\",\"isPartOf\":{\"@id\":\"https:\/\/www.canariansurffruit.com\/#website\"},\"datePublished\":\"2020-05-24T12:22:18+00:00\",\"dateModified\":\"2020-05-28T11:37:15+00:00\",\"breadcrumb\":{\"@id\":\"https:\/\/www.canariansurffruit.com\/unser-shop\/#breadcrumb\"},\"inLanguage\":\"en-GB\",\"potentialAction\":[{\"@type\":\"ReadAction\",\"target\":[\"https:\/\/www.canariansurffruit.com\/unser-shop\/\"]}]},{\"@type\":\"BreadcrumbList\",\"@id\":\"https:\/\/www.canariansurffruit.com\/unser-shop\/#breadcrumb\",\"itemListElement\":[{\"@type\":\"ListItem\",\"position\":1,\"name\":\"Startseite\",\"item\":\"https:\/\/www.canariansurffruit.com\/\"},{\"@type\":\"ListItem\",\"position\":2,\"name\":\"Unser Shop\"}]},{\"@type\":\"WebSite\",\"@id\":\"https:\/\/www.canariansurffruit.com\/#website\",\"url\":\"https:\/\/www.canariansurffruit.com\/\",\"name\":\"Canarian Surf Fruit\",\"description\":\"Der Surf und Lifestyle Laden direkt am Beach von El Medano\",\"publisher\":{\"@id\":\"https:\/\/www.canariansurffruit.com\/#organization\"},\"potentialAction\":[{\"@type\":\"SearchAction\",\"target\":{\"@type\":\"EntryPoint\",\"urlTemplate\":\"https:\/\/www.canariansurffruit.com\/?s={search_term_string}\"},\"query-input\":{\"@type\":\"PropertyValueSpecification\",\"valueRequired\":true,\"valueName\":\"search_term_string\"}}],\"inLanguage\":\"en-GB\"},{\"@type\":\"Organization\",\"@id\":\"https:\/\/www.canariansurffruit.com\/#organization\",\"name\":\"Canarian Surf Fruit\",\"url\":\"https:\/\/www.canariansurffruit.com\/\",\"logo\":{\"@type\":\"ImageObject\",\"inLanguage\":\"en-GB\",\"@id\":\"https:\/\/www.canariansurffruit.com\/#\/schema\/logo\/image\/\",\"url\":\"https:\/\/www.canariansurffruit.com\/wp-content\/uploads\/2020\/06\/Header-Logo4.jpg\",\"contentUrl\":\"https:\/\/www.canariansurffruit.com\/wp-content\/uploads\/2020\/06\/Header-Logo4.jpg\",\"width\":220,\"height\":70,\"caption\":\"Canarian Surf Fruit\"},\"image\":{\"@id\":\"https:\/\/www.canariansurffruit.com\/#\/schema\/logo\/image\/\"}}]}<\/script>\n<!-- \/ Yoast SEO plugin. -->","yoast_head_json":{"title":"Unser Shop - Canarian Surf Fruit","robots":{"index":"index","follow":"follow","max-snippet":"max-snippet:-1","max-image-preview":"max-image-preview:large","max-video-preview":"max-video-preview:-1"},"canonical":"https:\/\/www.canariansurffruit.com\/en\/unser-shop\/","og_locale":"en_GB","og_type":"article","og_title":"Unser Shop - Canarian Surf Fruit","og_description":"Canarian Surf Fruit ist der \u00e4lteste Surfshop direkt am Strand in El M\u00e9dano. Er\u00f6ffnet wurde der damalige \u201cHardware-Laden\u201d im Sommer 1985. \u00a0 Unter J\u00fcrgen wurde es 1992 der Surfshop, sowas wie \u201cthe place to be\u201d,&nbsp; vor allem bei den Windsurfern. Kiter gab es zu diesem Zeitpunkt noch nicht. Man kennt sich eben, h\u00e4ngt zusammmen ab [&hellip;]","og_url":"https:\/\/www.canariansurffruit.com\/en\/unser-shop\/","og_site_name":"Canarian Surf Fruit","article_modified_time":"2020-05-28T11:37:15+00:00","twitter_card":"summary_large_image","twitter_misc":{"Estimated reading time":"1 minute"},"schema":{"@context":"https:\/\/schema.org","@graph":[{"@type":"WebPage","@id":"https:\/\/www.canariansurffruit.com\/unser-shop\/","url":"https:\/\/www.canariansurffruit.com\/unser-shop\/","name":"Unser Shop - Canarian Surf Fruit","isPartOf":{"@id":"https:\/\/www.canariansurffruit.com\/#website"},"datePublished":"2020-05-24T12:22:18+00:00","dateModified":"2020-05-28T11:37:15+00:00","breadcrumb":{"@id":"https:\/\/www.canariansurffruit.com\/unser-shop\/#breadcrumb"},"inLanguage":"en-GB","potentialAction":[{"@type":"ReadAction","target":["https:\/\/www.canariansurffruit.com\/unser-shop\/"]}]},{"@type":"BreadcrumbList","@id":"https:\/\/www.canariansurffruit.com\/unser-shop\/#breadcrumb","itemListElement":[{"@type":"ListItem","position":1,"name":"Startseite","item":"https:\/\/www.canariansurffruit.com\/"},{"@type":"ListItem","position":2,"name":"Unser Shop"}]},{"@type":"WebSite","@id":"https:\/\/www.canariansurffruit.com\/#website","url":"https:\/\/www.canariansurffruit.com\/","name":"Canarian Surf Fruit","description":"Der Surf und Lifestyle Laden direkt am Beach von El Medano","publisher":{"@id":"https:\/\/www.canariansurffruit.com\/#organization"},"potentialAction":[{"@type":"SearchAction","target":{"@type":"EntryPoint","urlTemplate":"https:\/\/www.canariansurffruit.com\/?s={search_term_string}"},"query-input":{"@type":"PropertyValueSpecification","valueRequired":true,"valueName":"search_term_string"}}],"inLanguage":"en-GB"},{"@type":"Organization","@id":"https:\/\/www.canariansurffruit.com\/#organization","name":"Canarian Surf Fruit","url":"https:\/\/www.canariansurffruit.com\/","logo":{"@type":"ImageObject","inLanguage":"en-GB","@id":"https:\/\/www.canariansurffruit.com\/#\/schema\/logo\/image\/","url":"https:\/\/www.canariansurffruit.com\/wp-content\/uploads\/2020\/06\/Header-Logo4.jpg","contentUrl":"https:\/\/www.canariansurffruit.com\/wp-content\/uploads\/2020\/06\/Header-Logo4.jpg","width":220,"height":70,"caption":"Canarian Surf Fruit"},"image":{"@id":"https:\/\/www.canariansurffruit.com\/#\/schema\/logo\/image\/"}}]}},"_links":{"self":[{"href":"https:\/\/www.canariansurffruit.com\/en\/wp-json\/wp\/v2\/pages\/745","targetHints":{"allow":["GET"]}}],"collection":[{"href":"https:\/\/www.canariansurffruit.com\/en\/wp-json\/wp\/v2\/pages"}],"about":[{"href":"https:\/\/www.canariansurffruit.com\/en\/wp-json\/wp\/v2\/types\/page"}],"author":[{"embeddable":true,"href":"https:\/\/www.canariansurffruit.com\/en\/wp-json\/wp\/v2\/users\/1"}],"replies":[{"embeddable":true,"href":"https:\/\/www.canariansurffruit.com\/en\/wp-json\/wp\/v2\/comments?post=745"}],"version-history":[{"count":8,"href":"https:\/\/www.canariansurffruit.com\/en\/wp-json\/wp\/v2\/pages\/745\/revisions"}],"predecessor-version":[{"id":823,"href":"https:\/\/www.canariansurffruit.com\/en\/wp-json\/wp\/v2\/pages\/745\/revisions\/823"}],"wp:attachment":[{"href":"https:\/\/www.canariansurffruit.com\/en\/wp-json\/wp\/v2\/media?parent=745"}],"curies":[{"name":"wp","href":"https:\/\/api.w.org\/{rel}","templated":true}]}}