{"id":795,"date":"2020-05-25T12:10:00","date_gmt":"2020-05-25T10:10:00","guid":{"rendered":"https:\/\/www.canariansurffruit.com\/?page_id=795"},"modified":"2020-05-29T20:59:54","modified_gmt":"2020-05-29T18:59:54","slug":"surf-hotspot","status":"publish","type":"page","link":"https:\/\/www.canariansurffruit.com\/en\/surf-hotspot\/","title":{"rendered":"Surf Hotspot"},"content":{"rendered":"<h2 class=\"wp-block-heading\"><strong>Wind and kitesurfing paradise El M\u00e9dano<\/strong><\/h2>\n\n\n\n<p>El M\u00e9dano is located in the southeast of Tenerife and is one of the most popular areas for water sports. Good wind conditions and a pleasant climate all year round offer Tenerife's water sports enthusiasts a first class paradise- especially wind and kite surfers.<\/p>\n\n\n\n<p>El M\u00e9dano's wide sandy beach is a perfect place for this. There are many surf schools here, offering courses or renting out windsurfing and kitesurfing equipment. Alternatively, you can also do stand-up paddling on windless days. Never heard of it? Then it is about time, because it is really fun! You stand on a wide surfboard and can steer yourself with a paddle over the sea. If the waves are a bit higher, classic surfing or bodyboarding is also a good alternative.<\/p>\n\n\n\n<figure class=\"wp-block-gallery columns-4 is-cropped wp-block-gallery-1 is-layout-flex wp-block-gallery-is-layout-flex\"><ul class=\"blocks-gallery-grid\"><li class=\"blocks-gallery-item\"><figure><img loading=\"lazy\" decoding=\"async\" width=\"1024\" height=\"615\" src=\"https:\/\/www.canariansurffruit.com\/wp-content\/uploads\/2020\/04\/Windsurfen-2-1024x615.jpg\" alt=\"Windsurfer Welle La Tejita\" data-id=\"276\" data-full-url=\"https:\/\/www.canariansurffruit.com\/wp-content\/uploads\/2020\/04\/Windsurfen-2-scaled.jpg\" data-link=\"https:\/\/www.canariansurffruit.com\/cfs\/windsurfen-2\/\" class=\"wp-image-276\" srcset=\"https:\/\/www.canariansurffruit.com\/wp-content\/uploads\/2020\/04\/Windsurfen-2-1024x615.jpg 1024w, https:\/\/www.canariansurffruit.com\/wp-content\/uploads\/2020\/04\/Windsurfen-2-scaled-600x360.jpg 600w, https:\/\/www.canariansurffruit.com\/wp-content\/uploads\/2020\/04\/Windsurfen-2-300x180.jpg 300w, https:\/\/www.canariansurffruit.com\/wp-content\/uploads\/2020\/04\/Windsurfen-2-768x461.jpg 768w, https:\/\/www.canariansurffruit.com\/wp-content\/uploads\/2020\/04\/Windsurfen-2-1536x923.jpg 1536w, https:\/\/www.canariansurffruit.com\/wp-content\/uploads\/2020\/04\/Windsurfen-2-2048x1230.jpg 2048w\" sizes=\"auto, (max-width: 1024px) 100vw, 1024px\" \/><\/figure><\/li><li class=\"blocks-gallery-item\"><figure><img loading=\"lazy\" decoding=\"async\" width=\"1024\" height=\"1024\" src=\"https:\/\/www.canariansurffruit.com\/wp-content\/uploads\/2020\/04\/Kiten-2-1024x1024.jpg\" alt=\"Kitesurfing wave Montana Roja\" data-id=\"162\" data-full-url=\"https:\/\/www.canariansurffruit.com\/wp-content\/uploads\/2020\/04\/Kiten-2.jpg\" data-link=\"https:\/\/www.canariansurffruit.com\/kiten-2\/\" class=\"wp-image-162\" srcset=\"https:\/\/www.canariansurffruit.com\/wp-content\/uploads\/2020\/04\/Kiten-2-1024x1024.jpg 1024w, https:\/\/www.canariansurffruit.com\/wp-content\/uploads\/2020\/04\/Kiten-2-500x500.jpg 500w, https:\/\/www.canariansurffruit.com\/wp-content\/uploads\/2020\/04\/Kiten-2-100x100.jpg 100w, https:\/\/www.canariansurffruit.com\/wp-content\/uploads\/2020\/04\/Kiten-2-600x600.jpg 600w, https:\/\/www.canariansurffruit.com\/wp-content\/uploads\/2020\/04\/Kiten-2-300x300.jpg 300w, https:\/\/www.canariansurffruit.com\/wp-content\/uploads\/2020\/04\/Kiten-2-150x150.jpg 150w, https:\/\/www.canariansurffruit.com\/wp-content\/uploads\/2020\/04\/Kiten-2-768x768.jpg 768w, https:\/\/www.canariansurffruit.com\/wp-content\/uploads\/2020\/04\/Kiten-2-1536x1536.jpg 1536w, https:\/\/www.canariansurffruit.com\/wp-content\/uploads\/2020\/04\/Kiten-2.jpg 1808w\" sizes=\"auto, (max-width: 1024px) 100vw, 1024px\" \/><\/figure><\/li><li class=\"blocks-gallery-item\"><figure><img loading=\"lazy\" decoding=\"async\" width=\"1024\" height=\"1024\" src=\"https:\/\/www.canariansurffruit.com\/wp-content\/uploads\/2020\/04\/IMG_5396-scaled-e1587556235849-1024x1024.jpg\" alt=\"Kitesurfing El Medano beach\" data-id=\"159\" data-full-url=\"https:\/\/www.canariansurffruit.com\/wp-content\/uploads\/2020\/04\/IMG_5396-scaled-e1587556235849.jpg\" data-link=\"https:\/\/www.canariansurffruit.com\/img_5396\/\" class=\"wp-image-159\" srcset=\"https:\/\/www.canariansurffruit.com\/wp-content\/uploads\/2020\/04\/IMG_5396-scaled-e1587556235849-1024x1024.jpg 1024w, https:\/\/www.canariansurffruit.com\/wp-content\/uploads\/2020\/04\/IMG_5396-scaled-e1587556235849-500x500.jpg 500w, https:\/\/www.canariansurffruit.com\/wp-content\/uploads\/2020\/04\/IMG_5396-scaled-e1587556235849-100x100.jpg 100w, https:\/\/www.canariansurffruit.com\/wp-content\/uploads\/2020\/04\/IMG_5396-scaled-e1587556235849-600x600.jpg 600w, https:\/\/www.canariansurffruit.com\/wp-content\/uploads\/2020\/04\/IMG_5396-scaled-e1587556235849-300x300.jpg 300w, https:\/\/www.canariansurffruit.com\/wp-content\/uploads\/2020\/04\/IMG_5396-scaled-e1587556235849-150x150.jpg 150w, https:\/\/www.canariansurffruit.com\/wp-content\/uploads\/2020\/04\/IMG_5396-scaled-e1587556235849-768x768.jpg 768w, https:\/\/www.canariansurffruit.com\/wp-content\/uploads\/2020\/04\/IMG_5396-scaled-e1587556235849-1536x1536.jpg 1536w, https:\/\/www.canariansurffruit.com\/wp-content\/uploads\/2020\/04\/IMG_5396-scaled-e1587556235849.jpg 1920w\" sizes=\"auto, (max-width: 1024px) 100vw, 1024px\" \/><\/figure><\/li><li class=\"blocks-gallery-item\"><figure><img loading=\"lazy\" decoding=\"async\" width=\"1024\" height=\"1024\" src=\"https:\/\/www.canariansurffruit.com\/wp-content\/uploads\/2020\/04\/Windsurfen-e1587557986950-1024x1024.jpg\" alt=\"Windsurfing El Medano\" data-id=\"121\" data-full-url=\"https:\/\/www.canariansurffruit.com\/wp-content\/uploads\/2020\/04\/Windsurfen-e1587557986950.jpg\" data-link=\"https:\/\/www.canariansurffruit.com\/das-neue-museum-oeffnet-seine-tueren-2__trashed\/windsurfen\/\" class=\"wp-image-121\" srcset=\"https:\/\/www.canariansurffruit.com\/wp-content\/uploads\/2020\/04\/Windsurfen-e1587557986950-1024x1024.jpg 1024w, https:\/\/www.canariansurffruit.com\/wp-content\/uploads\/2020\/04\/Windsurfen-e1587557986950-500x500.jpg 500w, https:\/\/www.canariansurffruit.com\/wp-content\/uploads\/2020\/04\/Windsurfen-e1587557986950-100x100.jpg 100w, https:\/\/www.canariansurffruit.com\/wp-content\/uploads\/2020\/04\/Windsurfen-e1587557986950-600x600.jpg 600w, https:\/\/www.canariansurffruit.com\/wp-content\/uploads\/2020\/04\/Windsurfen-e1587557986950-300x300.jpg 300w, https:\/\/www.canariansurffruit.com\/wp-content\/uploads\/2020\/04\/Windsurfen-e1587557986950-150x150.jpg 150w, https:\/\/www.canariansurffruit.com\/wp-content\/uploads\/2020\/04\/Windsurfen-e1587557986950-768x768.jpg 768w, https:\/\/www.canariansurffruit.com\/wp-content\/uploads\/2020\/04\/Windsurfen-e1587557986950-1536x1536.jpg 1536w, https:\/\/www.canariansurffruit.com\/wp-content\/uploads\/2020\/04\/Windsurfen-e1587557986950.jpg 1668w\" sizes=\"auto, (max-width: 1024px) 100vw, 1024px\" \/><\/figure><\/li><\/ul><\/figure>\n\n\n\n<div style=\"height:42px\" aria-hidden=\"true\" class=\"wp-block-spacer\"><\/div>\n\n\n\n<h2 class=\"wp-block-heading\"><strong>Wind conditions in El M\u00e9dano<\/strong><\/h2>\n\n\n\n<p>El M\u00e9dano - also called High Wind Area - is considered the spot for the best wind conditions. Nevertheless, there are several weeks a year without wind, mainly in winter. Here mostly our beginners enjoy themselves, with light wind blowing - an optimal time to practice! Advanced surfers, however, have less fun then. Kiters are also satisfied with less wind, but when the wind loses completely its power, the fun is over for them too. The wind is therefore the same as the weather, in general it can only be predicted to a limited extent.<\/p>\n\n\n\n<div style=\"height:52px\" aria-hidden=\"true\" class=\"wp-block-spacer\"><\/div>\n\n\n\n<h2 class=\"wp-block-heading\"><strong>Description of the spot<\/strong><\/h2>\n\n\n\n<p>When the wind blows in El M\u00e9dano, it usually blows from the northeast (from the left), and near the shore it is usually quite gusty.\u00a0But look out! If you can't maintain height with your kite, you'll quickly land in the \"Pigs Bay\" and then you have to carry your equipment back to land and by foot to the starting point.<\/p>\n\n\n\n<p>The strong gusts pose a special challenge for every water sports enthusiast. Wind strengths of 3 to 5 Beaufort are considered \"light\" here. For most locals, it only gets interesting from 6, 7 or more wind forces, which can be expected on a regular basis. What often causes more trouble for beginners than the wind is often the swell. If you have learned to surf on a lake, you will be surprised how hard it is to surf with waves and partly heavy shorebreaks. Sometimes there is also wind from the right - then the water is as flat as on a lake. Wave fans may find it boring, but everyone else enjoys it all the more.<\/p>\n\n\n\n<p>The Canarian Islands are, in summary, the only water sports area in Europe where you can windsurf and kitesurf all year round without getting too cold. For those of you who are a bit more temperature sensitive, we hire out short-sleeved and long-sleeved wetsuits.<\/p>\n\n\n\n<p><strong>You didn't bring a board? Our shop rents out SUP (Stand Up Paddles), surfboards and bodyboards by the hour. We also offer kitesurfing courses!<\/strong><\/p>","protected":false},"excerpt":{"rendered":"<p>Wind- und Kitesurferparadies El M\u00e9dano El M\u00e9dano liegt im S\u00fcdosten Teneriffas und z\u00e4hlt zu den beliebtesten Gebieten f\u00fcr Wassersportler. Gute Windverh\u00e4ltnisse und ein ganzj\u00e4hrig angenehmes Klima bieten Teneriffas Wassersportler ein Eldorado der Extraklasse \u2013 speziell den Wind-und Kitesurfern. El M\u00e9danos breiter Sandstrand ist daf\u00fcr ein perfekter Ort. Hier tummeln sich viele Surf-Schulen, die Kurse anbieten, [&hellip;]<\/p>","protected":false},"author":1,"featured_media":0,"parent":0,"menu_order":0,"comment_status":"closed","ping_status":"closed","template":"","meta":{"footnotes":""},"class_list":["post-795","page","type-page","status-publish","hentry"],"yoast_head":"<!-- This site is optimized with the Yoast SEO plugin v26.8 - https:\/\/yoast.com\/product\/yoast-seo-wordpress\/ -->\n<title>Surf Hotspot - Canarian Surf Fruit<\/title>\n<meta name=\"robots\" content=\"index, follow, max-snippet:-1, max-image-preview:large, max-video-preview:-1\" \/>\n<link rel=\"canonical\" href=\"https:\/\/www.canariansurffruit.com\/en\/surf-hotspot\/\" \/>\n<meta property=\"og:locale\" content=\"en_GB\" \/>\n<meta property=\"og:type\" content=\"article\" \/>\n<meta property=\"og:title\" content=\"Surf Hotspot - Canarian Surf Fruit\" \/>\n<meta property=\"og:description\" content=\"Wind- und Kitesurferparadies El M\u00e9dano El M\u00e9dano liegt im S\u00fcdosten Teneriffas und z\u00e4hlt zu den beliebtesten Gebieten f\u00fcr Wassersportler. Gute Windverh\u00e4ltnisse und ein ganzj\u00e4hrig angenehmes Klima bieten Teneriffas Wassersportler ein Eldorado der Extraklasse \u2013 speziell den Wind-und Kitesurfern. El M\u00e9danos breiter Sandstrand ist daf\u00fcr ein perfekter Ort. Hier tummeln sich viele Surf-Schulen, die Kurse anbieten, [&hellip;]\" \/>\n<meta property=\"og:url\" content=\"https:\/\/www.canariansurffruit.com\/en\/surf-hotspot\/\" \/>\n<meta property=\"og:site_name\" content=\"Canarian Surf Fruit\" \/>\n<meta property=\"article:modified_time\" content=\"2020-05-29T18:59:54+00:00\" \/>\n<meta property=\"og:image\" content=\"https:\/\/www.canariansurffruit.com\/wp-content\/uploads\/2020\/04\/Windsurfen-2-1024x615.jpg\" \/>\n<meta name=\"twitter:card\" content=\"summary_large_image\" \/>\n<meta name=\"twitter:label1\" content=\"Estimated reading time\" \/>\n\t<meta name=\"twitter:data1\" content=\"2 minutes\" \/>\n<script type=\"application\/ld+json\" class=\"yoast-schema-graph\">{\"@context\":\"https:\/\/schema.org\",\"@graph\":[{\"@type\":\"WebPage\",\"@id\":\"https:\/\/www.canariansurffruit.com\/surf-hotspot\/\",\"url\":\"https:\/\/www.canariansurffruit.com\/surf-hotspot\/\",\"name\":\"Surf Hotspot - Canarian Surf Fruit\",\"isPartOf\":{\"@id\":\"https:\/\/www.canariansurffruit.com\/#website\"},\"primaryImageOfPage\":{\"@id\":\"https:\/\/www.canariansurffruit.com\/surf-hotspot\/#primaryimage\"},\"image\":{\"@id\":\"https:\/\/www.canariansurffruit.com\/surf-hotspot\/#primaryimage\"},\"thumbnailUrl\":\"https:\/\/www.canariansurffruit.com\/wp-content\/uploads\/2020\/04\/Windsurfen-2-1024x615.jpg\",\"datePublished\":\"2020-05-25T10:10:00+00:00\",\"dateModified\":\"2020-05-29T18:59:54+00:00\",\"breadcrumb\":{\"@id\":\"https:\/\/www.canariansurffruit.com\/surf-hotspot\/#breadcrumb\"},\"inLanguage\":\"en-GB\",\"potentialAction\":[{\"@type\":\"ReadAction\",\"target\":[\"https:\/\/www.canariansurffruit.com\/surf-hotspot\/\"]}]},{\"@type\":\"ImageObject\",\"inLanguage\":\"en-GB\",\"@id\":\"https:\/\/www.canariansurffruit.com\/surf-hotspot\/#primaryimage\",\"url\":\"https:\/\/www.canariansurffruit.com\/wp-content\/uploads\/2020\/04\/Windsurfen-2-1024x615.jpg\",\"contentUrl\":\"https:\/\/www.canariansurffruit.com\/wp-content\/uploads\/2020\/04\/Windsurfen-2-1024x615.jpg\"},{\"@type\":\"BreadcrumbList\",\"@id\":\"https:\/\/www.canariansurffruit.com\/surf-hotspot\/#breadcrumb\",\"itemListElement\":[{\"@type\":\"ListItem\",\"position\":1,\"name\":\"Startseite\",\"item\":\"https:\/\/www.canariansurffruit.com\/\"},{\"@type\":\"ListItem\",\"position\":2,\"name\":\"Surf Hotspot\"}]},{\"@type\":\"WebSite\",\"@id\":\"https:\/\/www.canariansurffruit.com\/#website\",\"url\":\"https:\/\/www.canariansurffruit.com\/\",\"name\":\"Canarian Surf Fruit\",\"description\":\"Der Surf und Lifestyle Laden direkt am Beach von El Medano\",\"publisher\":{\"@id\":\"https:\/\/www.canariansurffruit.com\/#organization\"},\"potentialAction\":[{\"@type\":\"SearchAction\",\"target\":{\"@type\":\"EntryPoint\",\"urlTemplate\":\"https:\/\/www.canariansurffruit.com\/?s={search_term_string}\"},\"query-input\":{\"@type\":\"PropertyValueSpecification\",\"valueRequired\":true,\"valueName\":\"search_term_string\"}}],\"inLanguage\":\"en-GB\"},{\"@type\":\"Organization\",\"@id\":\"https:\/\/www.canariansurffruit.com\/#organization\",\"name\":\"Canarian Surf Fruit\",\"url\":\"https:\/\/www.canariansurffruit.com\/\",\"logo\":{\"@type\":\"ImageObject\",\"inLanguage\":\"en-GB\",\"@id\":\"https:\/\/www.canariansurffruit.com\/#\/schema\/logo\/image\/\",\"url\":\"https:\/\/www.canariansurffruit.com\/wp-content\/uploads\/2020\/06\/Header-Logo4.jpg\",\"contentUrl\":\"https:\/\/www.canariansurffruit.com\/wp-content\/uploads\/2020\/06\/Header-Logo4.jpg\",\"width\":220,\"height\":70,\"caption\":\"Canarian Surf Fruit\"},\"image\":{\"@id\":\"https:\/\/www.canariansurffruit.com\/#\/schema\/logo\/image\/\"}}]}<\/script>\n<!-- \/ Yoast SEO plugin. -->","yoast_head_json":{"title":"Surf Hotspot - Canarian Surf Fruit","robots":{"index":"index","follow":"follow","max-snippet":"max-snippet:-1","max-image-preview":"max-image-preview:large","max-video-preview":"max-video-preview:-1"},"canonical":"https:\/\/www.canariansurffruit.com\/en\/surf-hotspot\/","og_locale":"en_GB","og_type":"article","og_title":"Surf Hotspot - Canarian Surf Fruit","og_description":"Wind- und Kitesurferparadies El M\u00e9dano El M\u00e9dano liegt im S\u00fcdosten Teneriffas und z\u00e4hlt zu den beliebtesten Gebieten f\u00fcr Wassersportler. Gute Windverh\u00e4ltnisse und ein ganzj\u00e4hrig angenehmes Klima bieten Teneriffas Wassersportler ein Eldorado der Extraklasse \u2013 speziell den Wind-und Kitesurfern. El M\u00e9danos breiter Sandstrand ist daf\u00fcr ein perfekter Ort. Hier tummeln sich viele Surf-Schulen, die Kurse anbieten, [&hellip;]","og_url":"https:\/\/www.canariansurffruit.com\/en\/surf-hotspot\/","og_site_name":"Canarian Surf Fruit","article_modified_time":"2020-05-29T18:59:54+00:00","og_image":[{"url":"https:\/\/www.canariansurffruit.com\/wp-content\/uploads\/2020\/04\/Windsurfen-2-1024x615.jpg","type":"","width":"","height":""}],"twitter_card":"summary_large_image","twitter_misc":{"Estimated reading time":"2 minutes"},"schema":{"@context":"https:\/\/schema.org","@graph":[{"@type":"WebPage","@id":"https:\/\/www.canariansurffruit.com\/surf-hotspot\/","url":"https:\/\/www.canariansurffruit.com\/surf-hotspot\/","name":"Surf Hotspot - Canarian Surf Fruit","isPartOf":{"@id":"https:\/\/www.canariansurffruit.com\/#website"},"primaryImageOfPage":{"@id":"https:\/\/www.canariansurffruit.com\/surf-hotspot\/#primaryimage"},"image":{"@id":"https:\/\/www.canariansurffruit.com\/surf-hotspot\/#primaryimage"},"thumbnailUrl":"https:\/\/www.canariansurffruit.com\/wp-content\/uploads\/2020\/04\/Windsurfen-2-1024x615.jpg","datePublished":"2020-05-25T10:10:00+00:00","dateModified":"2020-05-29T18:59:54+00:00","breadcrumb":{"@id":"https:\/\/www.canariansurffruit.com\/surf-hotspot\/#breadcrumb"},"inLanguage":"en-GB","potentialAction":[{"@type":"ReadAction","target":["https:\/\/www.canariansurffruit.com\/surf-hotspot\/"]}]},{"@type":"ImageObject","inLanguage":"en-GB","@id":"https:\/\/www.canariansurffruit.com\/surf-hotspot\/#primaryimage","url":"https:\/\/www.canariansurffruit.com\/wp-content\/uploads\/2020\/04\/Windsurfen-2-1024x615.jpg","contentUrl":"https:\/\/www.canariansurffruit.com\/wp-content\/uploads\/2020\/04\/Windsurfen-2-1024x615.jpg"},{"@type":"BreadcrumbList","@id":"https:\/\/www.canariansurffruit.com\/surf-hotspot\/#breadcrumb","itemListElement":[{"@type":"ListItem","position":1,"name":"Startseite","item":"https:\/\/www.canariansurffruit.com\/"},{"@type":"ListItem","position":2,"name":"Surf Hotspot"}]},{"@type":"WebSite","@id":"https:\/\/www.canariansurffruit.com\/#website","url":"https:\/\/www.canariansurffruit.com\/","name":"Canarian Surf Fruit","description":"Der Surf und Lifestyle Laden direkt am Beach von El Medano","publisher":{"@id":"https:\/\/www.canariansurffruit.com\/#organization"},"potentialAction":[{"@type":"SearchAction","target":{"@type":"EntryPoint","urlTemplate":"https:\/\/www.canariansurffruit.com\/?s={search_term_string}"},"query-input":{"@type":"PropertyValueSpecification","valueRequired":true,"valueName":"search_term_string"}}],"inLanguage":"en-GB"},{"@type":"Organization","@id":"https:\/\/www.canariansurffruit.com\/#organization","name":"Canarian Surf Fruit","url":"https:\/\/www.canariansurffruit.com\/","logo":{"@type":"ImageObject","inLanguage":"en-GB","@id":"https:\/\/www.canariansurffruit.com\/#\/schema\/logo\/image\/","url":"https:\/\/www.canariansurffruit.com\/wp-content\/uploads\/2020\/06\/Header-Logo4.jpg","contentUrl":"https:\/\/www.canariansurffruit.com\/wp-content\/uploads\/2020\/06\/Header-Logo4.jpg","width":220,"height":70,"caption":"Canarian Surf Fruit"},"image":{"@id":"https:\/\/www.canariansurffruit.com\/#\/schema\/logo\/image\/"}}]}},"_links":{"self":[{"href":"https:\/\/www.canariansurffruit.com\/en\/wp-json\/wp\/v2\/pages\/795","targetHints":{"allow":["GET"]}}],"collection":[{"href":"https:\/\/www.canariansurffruit.com\/en\/wp-json\/wp\/v2\/pages"}],"about":[{"href":"https:\/\/www.canariansurffruit.com\/en\/wp-json\/wp\/v2\/types\/page"}],"author":[{"embeddable":true,"href":"https:\/\/www.canariansurffruit.com\/en\/wp-json\/wp\/v2\/users\/1"}],"replies":[{"embeddable":true,"href":"https:\/\/www.canariansurffruit.com\/en\/wp-json\/wp\/v2\/comments?post=795"}],"version-history":[{"count":8,"href":"https:\/\/www.canariansurffruit.com\/en\/wp-json\/wp\/v2\/pages\/795\/revisions"}],"predecessor-version":[{"id":850,"href":"https:\/\/www.canariansurffruit.com\/en\/wp-json\/wp\/v2\/pages\/795\/revisions\/850"}],"wp:attachment":[{"href":"https:\/\/www.canariansurffruit.com\/en\/wp-json\/wp\/v2\/media?parent=795"}],"curies":[{"name":"wp","href":"https:\/\/api.w.org\/{rel}","templated":true}]}}