{"id":633,"date":"2020-05-11T15:32:28","date_gmt":"2020-05-11T13:32:28","guid":{"rendered":"https:\/\/www.canariansurffruit.com\/produkt\/t-shirt-csf-shark-unisex\/"},"modified":"2020-05-13T13:52:01","modified_gmt":"2020-05-13T11:52:01","slug":"t-shirt-csf-shark-unisex","status":"publish","type":"product","link":"https:\/\/www.canariansurffruit.com\/en\/product\/t-shirt-csf-shark-unisex\/","title":{"rendered":"T-Shirt CSF Shark \/ Unisex"},"content":{"rendered":"","protected":false},"excerpt":{"rendered":"<p>Normal cut<\/p>\n<p>100% Cotton<\/p>\n<p>Available in sizes 2-12 years (if in stock)<\/p>\n<p><span style=\"color: #ff0000;\">Special offer: 3 CSF T-shirts for only 42\u20ac (applies to all CSF T-shirts for children)<\/span><\/p>\n<p>&nbsp;<\/p>\n<h3>If you would like to order the product or have any questions, please fill out the form without obligation.<\/h3>\n[contact-form-7 id=\"60\" title=\"Kontaktformular Produkte\"]","protected":false},"featured_media":676,"template":"","meta":[],"product_brand":[],"product_cat":[21],"product_tag":[],"class_list":{"0":"post-633","1":"product","2":"type-product","3":"status-publish","4":"has-post-thumbnail","6":"product_cat-kids","8":"first","9":"instock","10":"shipping-taxable","11":"purchasable","12":"product-type-simple"},"yoast_head":"<!-- This site is optimized with the Yoast SEO plugin v26.8 - https:\/\/yoast.com\/product\/yoast-seo-wordpress\/ -->\n<title>T-Shirt CSF Shark \/ Unisex - Canarian Surf Fruit<\/title>\n<meta name=\"robots\" content=\"index, follow, max-snippet:-1, max-image-preview:large, max-video-preview:-1\" \/>\n<link rel=\"canonical\" href=\"https:\/\/www.canariansurffruit.com\/en\/product\/t-shirt-csf-shark-unisex\/\" \/>\n<meta property=\"og:locale\" content=\"en_GB\" \/>\n<meta property=\"og:type\" content=\"article\" \/>\n<meta property=\"og:title\" content=\"T-Shirt CSF Shark \/ Unisex - Canarian Surf Fruit\" \/>\n<meta property=\"og:description\" content=\"Normaler Schnitt  100% Baumwolle  Erh\u00e4ltlich in den Gr\u00f6\u00dfen 2-12 Jahre (wenn vorr\u00e4tig)  Angebots-Special: 3 CSF T-Shirts f\u00fcr nur 42\u20ac (gilt f\u00fcr alle CSF T-Shirts f\u00fcr Kinder)  &nbsp; Wenn du das Produkt bestellen m\u00f6chtest oder Fragen dazu hast, bitte unverbindlich das Formular ausf\u00fcllen.\" \/>\n<meta property=\"og:url\" content=\"https:\/\/www.canariansurffruit.com\/en\/product\/t-shirt-csf-shark-unisex\/\" \/>\n<meta property=\"og:site_name\" content=\"Canarian Surf Fruit\" \/>\n<meta property=\"article:modified_time\" content=\"2020-05-13T11:52:01+00:00\" \/>\n<meta property=\"og:image\" content=\"https:\/\/www.canariansurffruit.com\/wp-content\/uploads\/2020\/05\/Kids-CSF-neu.jpg\" \/>\n\t<meta property=\"og:image:width\" content=\"1187\" \/>\n\t<meta property=\"og:image:height\" content=\"1080\" \/>\n\t<meta property=\"og:image:type\" content=\"image\/jpeg\" \/>\n<meta name=\"twitter:card\" content=\"summary_large_image\" \/>\n<script type=\"application\/ld+json\" class=\"yoast-schema-graph\">{\"@context\":\"https:\/\/schema.org\",\"@graph\":[{\"@type\":\"WebPage\",\"@id\":\"https:\/\/www.canariansurffruit.com\/produkt\/t-shirt-csf-shark-unisex\/\",\"url\":\"https:\/\/www.canariansurffruit.com\/produkt\/t-shirt-csf-shark-unisex\/\",\"name\":\"T-Shirt CSF Shark \/ Unisex - Canarian Surf Fruit\",\"isPartOf\":{\"@id\":\"https:\/\/www.canariansurffruit.com\/#website\"},\"primaryImageOfPage\":{\"@id\":\"https:\/\/www.canariansurffruit.com\/produkt\/t-shirt-csf-shark-unisex\/#primaryimage\"},\"image\":{\"@id\":\"https:\/\/www.canariansurffruit.com\/produkt\/t-shirt-csf-shark-unisex\/#primaryimage\"},\"thumbnailUrl\":\"https:\/\/www.canariansurffruit.com\/wp-content\/uploads\/2020\/05\/Kids-CSF-neu.jpg\",\"datePublished\":\"2020-05-11T13:32:28+00:00\",\"dateModified\":\"2020-05-13T11:52:01+00:00\",\"breadcrumb\":{\"@id\":\"https:\/\/www.canariansurffruit.com\/produkt\/t-shirt-csf-shark-unisex\/#breadcrumb\"},\"inLanguage\":\"en-GB\",\"potentialAction\":[{\"@type\":\"ReadAction\",\"target\":[\"https:\/\/www.canariansurffruit.com\/produkt\/t-shirt-csf-shark-unisex\/\"]}]},{\"@type\":\"ImageObject\",\"inLanguage\":\"en-GB\",\"@id\":\"https:\/\/www.canariansurffruit.com\/produkt\/t-shirt-csf-shark-unisex\/#primaryimage\",\"url\":\"https:\/\/www.canariansurffruit.com\/wp-content\/uploads\/2020\/05\/Kids-CSF-neu.jpg\",\"contentUrl\":\"https:\/\/www.canariansurffruit.com\/wp-content\/uploads\/2020\/05\/Kids-CSF-neu.jpg\",\"width\":1187,\"height\":1080,\"caption\":\"T-Shirt Kids CFS Shark\"},{\"@type\":\"BreadcrumbList\",\"@id\":\"https:\/\/www.canariansurffruit.com\/produkt\/t-shirt-csf-shark-unisex\/#breadcrumb\",\"itemListElement\":[{\"@type\":\"ListItem\",\"position\":1,\"name\":\"Startseite\",\"item\":\"https:\/\/www.canariansurffruit.com\/\"},{\"@type\":\"ListItem\",\"position\":2,\"name\":\"Produkte\",\"item\":\"https:\/\/www.canariansurffruit.com\/shop\/\"},{\"@type\":\"ListItem\",\"position\":3,\"name\":\"T-Shirt CSF Shark \/ Unisex\"}]},{\"@type\":\"WebSite\",\"@id\":\"https:\/\/www.canariansurffruit.com\/#website\",\"url\":\"https:\/\/www.canariansurffruit.com\/\",\"name\":\"Canarian Surf Fruit\",\"description\":\"Der Surf und Lifestyle Laden direkt am Beach von El Medano\",\"publisher\":{\"@id\":\"https:\/\/www.canariansurffruit.com\/#organization\"},\"potentialAction\":[{\"@type\":\"SearchAction\",\"target\":{\"@type\":\"EntryPoint\",\"urlTemplate\":\"https:\/\/www.canariansurffruit.com\/?s={search_term_string}\"},\"query-input\":{\"@type\":\"PropertyValueSpecification\",\"valueRequired\":true,\"valueName\":\"search_term_string\"}}],\"inLanguage\":\"en-GB\"},{\"@type\":\"Organization\",\"@id\":\"https:\/\/www.canariansurffruit.com\/#organization\",\"name\":\"Canarian Surf Fruit\",\"url\":\"https:\/\/www.canariansurffruit.com\/\",\"logo\":{\"@type\":\"ImageObject\",\"inLanguage\":\"en-GB\",\"@id\":\"https:\/\/www.canariansurffruit.com\/#\/schema\/logo\/image\/\",\"url\":\"https:\/\/www.canariansurffruit.com\/wp-content\/uploads\/2020\/06\/Header-Logo4.jpg\",\"contentUrl\":\"https:\/\/www.canariansurffruit.com\/wp-content\/uploads\/2020\/06\/Header-Logo4.jpg\",\"width\":220,\"height\":70,\"caption\":\"Canarian Surf Fruit\"},\"image\":{\"@id\":\"https:\/\/www.canariansurffruit.com\/#\/schema\/logo\/image\/\"}}]}<\/script>\n<!-- \/ Yoast SEO plugin. -->","yoast_head_json":{"title":"T-Shirt CSF Shark \/ Unisex - Canarian Surf Fruit","robots":{"index":"index","follow":"follow","max-snippet":"max-snippet:-1","max-image-preview":"max-image-preview:large","max-video-preview":"max-video-preview:-1"},"canonical":"https:\/\/www.canariansurffruit.com\/en\/product\/t-shirt-csf-shark-unisex\/","og_locale":"en_GB","og_type":"article","og_title":"T-Shirt CSF Shark \/ Unisex - Canarian Surf Fruit","og_description":"Normaler Schnitt  100% Baumwolle  Erh\u00e4ltlich in den Gr\u00f6\u00dfen 2-12 Jahre (wenn vorr\u00e4tig)  Angebots-Special: 3 CSF T-Shirts f\u00fcr nur 42\u20ac (gilt f\u00fcr alle CSF T-Shirts f\u00fcr Kinder)  &nbsp; Wenn du das Produkt bestellen m\u00f6chtest oder Fragen dazu hast, bitte unverbindlich das Formular ausf\u00fcllen.","og_url":"https:\/\/www.canariansurffruit.com\/en\/product\/t-shirt-csf-shark-unisex\/","og_site_name":"Canarian Surf Fruit","article_modified_time":"2020-05-13T11:52:01+00:00","og_image":[{"width":1187,"height":1080,"url":"https:\/\/www.canariansurffruit.com\/wp-content\/uploads\/2020\/05\/Kids-CSF-neu.jpg","type":"image\/jpeg"}],"twitter_card":"summary_large_image","schema":{"@context":"https:\/\/schema.org","@graph":[{"@type":"WebPage","@id":"https:\/\/www.canariansurffruit.com\/produkt\/t-shirt-csf-shark-unisex\/","url":"https:\/\/www.canariansurffruit.com\/produkt\/t-shirt-csf-shark-unisex\/","name":"T-Shirt CSF Shark \/ Unisex - Canarian Surf Fruit","isPartOf":{"@id":"https:\/\/www.canariansurffruit.com\/#website"},"primaryImageOfPage":{"@id":"https:\/\/www.canariansurffruit.com\/produkt\/t-shirt-csf-shark-unisex\/#primaryimage"},"image":{"@id":"https:\/\/www.canariansurffruit.com\/produkt\/t-shirt-csf-shark-unisex\/#primaryimage"},"thumbnailUrl":"https:\/\/www.canariansurffruit.com\/wp-content\/uploads\/2020\/05\/Kids-CSF-neu.jpg","datePublished":"2020-05-11T13:32:28+00:00","dateModified":"2020-05-13T11:52:01+00:00","breadcrumb":{"@id":"https:\/\/www.canariansurffruit.com\/produkt\/t-shirt-csf-shark-unisex\/#breadcrumb"},"inLanguage":"en-GB","potentialAction":[{"@type":"ReadAction","target":["https:\/\/www.canariansurffruit.com\/produkt\/t-shirt-csf-shark-unisex\/"]}]},{"@type":"ImageObject","inLanguage":"en-GB","@id":"https:\/\/www.canariansurffruit.com\/produkt\/t-shirt-csf-shark-unisex\/#primaryimage","url":"https:\/\/www.canariansurffruit.com\/wp-content\/uploads\/2020\/05\/Kids-CSF-neu.jpg","contentUrl":"https:\/\/www.canariansurffruit.com\/wp-content\/uploads\/2020\/05\/Kids-CSF-neu.jpg","width":1187,"height":1080,"caption":"T-Shirt Kids CFS Shark"},{"@type":"BreadcrumbList","@id":"https:\/\/www.canariansurffruit.com\/produkt\/t-shirt-csf-shark-unisex\/#breadcrumb","itemListElement":[{"@type":"ListItem","position":1,"name":"Startseite","item":"https:\/\/www.canariansurffruit.com\/"},{"@type":"ListItem","position":2,"name":"Produkte","item":"https:\/\/www.canariansurffruit.com\/shop\/"},{"@type":"ListItem","position":3,"name":"T-Shirt CSF Shark \/ Unisex"}]},{"@type":"WebSite","@id":"https:\/\/www.canariansurffruit.com\/#website","url":"https:\/\/www.canariansurffruit.com\/","name":"Canarian Surf Fruit","description":"Der Surf und Lifestyle Laden direkt am Beach von El Medano","publisher":{"@id":"https:\/\/www.canariansurffruit.com\/#organization"},"potentialAction":[{"@type":"SearchAction","target":{"@type":"EntryPoint","urlTemplate":"https:\/\/www.canariansurffruit.com\/?s={search_term_string}"},"query-input":{"@type":"PropertyValueSpecification","valueRequired":true,"valueName":"search_term_string"}}],"inLanguage":"en-GB"},{"@type":"Organization","@id":"https:\/\/www.canariansurffruit.com\/#organization","name":"Canarian Surf Fruit","url":"https:\/\/www.canariansurffruit.com\/","logo":{"@type":"ImageObject","inLanguage":"en-GB","@id":"https:\/\/www.canariansurffruit.com\/#\/schema\/logo\/image\/","url":"https:\/\/www.canariansurffruit.com\/wp-content\/uploads\/2020\/06\/Header-Logo4.jpg","contentUrl":"https:\/\/www.canariansurffruit.com\/wp-content\/uploads\/2020\/06\/Header-Logo4.jpg","width":220,"height":70,"caption":"Canarian Surf Fruit"},"image":{"@id":"https:\/\/www.canariansurffruit.com\/#\/schema\/logo\/image\/"}}]}},"_links":{"self":[{"href":"https:\/\/www.canariansurffruit.com\/en\/wp-json\/wp\/v2\/product\/633","targetHints":{"allow":["GET"]}}],"collection":[{"href":"https:\/\/www.canariansurffruit.com\/en\/wp-json\/wp\/v2\/product"}],"about":[{"href":"https:\/\/www.canariansurffruit.com\/en\/wp-json\/wp\/v2\/types\/product"}],"wp:featuredmedia":[{"embeddable":true,"href":"https:\/\/www.canariansurffruit.com\/en\/wp-json\/wp\/v2\/media\/676"}],"wp:attachment":[{"href":"https:\/\/www.canariansurffruit.com\/en\/wp-json\/wp\/v2\/media?parent=633"}],"wp:term":[{"taxonomy":"product_brand","embeddable":true,"href":"https:\/\/www.canariansurffruit.com\/en\/wp-json\/wp\/v2\/product_brand?post=633"},{"taxonomy":"product_cat","embeddable":true,"href":"https:\/\/www.canariansurffruit.com\/en\/wp-json\/wp\/v2\/product_cat?post=633"},{"taxonomy":"product_tag","embeddable":true,"href":"https:\/\/www.canariansurffruit.com\/en\/wp-json\/wp\/v2\/product_tag?post=633"}],"curies":[{"name":"wp","href":"https:\/\/api.w.org\/{rel}","templated":true}]}}