{"id":129,"date":"2020-04-21T20:24:38","date_gmt":"2020-04-21T18:24:38","guid":{"rendered":"https:\/\/www.canariansurffruit.com\/?page_id=129"},"modified":"2022-05-05T17:58:13","modified_gmt":"2022-05-05T15:58:13","slug":"impressum","status":"publish","type":"page","link":"https:\/\/www.canariansurffruit.com\/es\/impressum\/","title":{"rendered":"Aviso legal"},"content":{"rendered":"<p>Canarian Surf Fruit<br>Thomas Kriesch<br>Paseo Mercedes de la Roja, 34<br>E 38612 El M\u00e9dano\/Tenerife<br><br>Tel. Tienda: 0034 922 177 110<\/p>\n\n\n\n<p>eMail: <a href=\"mailto:shopcsf@gmail.com\">shopcsf@gmail.com<\/a> <br>Web: www.canariansurffruit.com<\/p>\n\n\n\n<div style=\"height:50px\" aria-hidden=\"true\" class=\"wp-block-spacer\"><\/div>\n\n\n\n<h4 class=\"wp-block-heading\">Informaci\u00f3n seg\u00fan el \u00a7 5 TMG<\/h4>\n\n\n\n<p>Canarian Surf Fruit<br>Paseo Mercedes de la Roja, 34<br>E 38612 El M\u00e9dano\/Tenerife<\/p>\n\n\n\n<p><strong>Representado por:<\/strong><br>Thomas Kriesch<\/p>\n\n\n\n<p><strong>Contacto:<\/strong><br>Tel. Tienda: 0034\u00a0922\u00a0177\u00a0110<\/p>\n\n\n\n<p><strong>Responsable del contenido seg\u00fan \u00a7 55 P\u00e1rr. 2 RStV:<\/strong><br>Canarian Surf Fruit<br>Paseo Mercedes de la Roja, 34<br>E 38612 El M\u00e9dano\/Tenerife<\/p>\n\n\n\n<div style=\"height:50px\" aria-hidden=\"true\" class=\"wp-block-spacer\"><\/div>\n\n\n\n<p><strong>Hinweis auf EU-Streitschlichtung<\/strong><\/p>\n\n\n\n<p>Die Europ\u00e4ische Kommission stellt eine Plattform zur Online-Streitbeilegung (OS) bereit: ec.europa.eu\/consumers\/odr<\/p>\n\n\n\n<p>Unsere E-Mail-Adresse finden sie oben im Impressum. &nbsp;&nbsp;<\/p>\n\n\n\n<div style=\"height:48px\" aria-hidden=\"true\" class=\"wp-block-spacer\"><\/div>\n\n\n\n<h4 class=\"wp-block-heading\"><strong>Exclusi\u00f3n de responsabilidad:<\/strong><\/h4>\n\n\n\n<p><strong>Responsabilidad por el contenido<\/strong><br><br>El contenido de nuestras p\u00e1ginas fue creado con el mayor cuidado. Sin embargo, no podemos garantizar que los contenidos sean correctos, completos y actualizados. Como proveedor de servicios, somos responsables de nuestros propios contenidos en estas p\u00e1ginas de acuerdo con el \u00a7 7 p\u00e1rrafo 1 TMG (Ley de telemedios) y las leyes generales. De conformidad con los \u00a7\u00a7 8 a 10 TGM, no estamos obligados a vigilar la informaci\u00f3n transmitida o almacenada de terceros ni a investigar las circunstancias que indiquen una actividad ilegal. Las obligaciones de eliminar o bloquear el uso de la informaci\u00f3n de acuerdo con las leyes generales no se ven afectadas por ello. Sin embargo, la responsabilidad a este respecto s\u00f3lo es posible a partir del momento en que se tiene conocimiento de una infracci\u00f3n concreta. Si tenemos conocimiento de alguna de estas infracciones legales, eliminaremos el contenido en cuesti\u00f3n inmediatamente.<br><br><strong>Responsabilidad por los enlaces<\/strong><br><br>Nuestra oferta contiene enlaces a p\u00e1ginas web externas de terceros, sobre cuyos contenidos no tenemos ninguna influencia. Por lo tanto, no podemos asumir ninguna responsabilidad por estos contenidos externos. El respectivo proveedor u operador de los sitios es siempre responsable de los contenidos de los sitios enlazados. Las p\u00e1ginas enlazadas fueron comprobadas para detectar posibles violaciones legales en el momento de la vinculaci\u00f3n. No se identificaron contenidos ilegales en el momento de la vinculaci\u00f3n. Sin embargo, no es posible controlar de forma permanente el contenido de las p\u00e1ginas enlazadas sin pruebas concretas de una violaci\u00f3n de la ley. Si nos enteramos de alguna infracci\u00f3n, eliminaremos esos enlaces inmediatamente.<br><br><strong>Ley de derechos de autor<\/strong><br><br>Los contenidos y las funciones de estas p\u00e1ginas creadas por los operadores de las mismas est\u00e1n sujetos a la ley alemana de derechos de autor. La reproducci\u00f3n, edici\u00f3n, distribuci\u00f3n y cualquier tipo de uso fuera de los l\u00edmites de la ley de derechos de autor requieren el consentimiento por escrito del respectivo autor o creador. Las descargas y copias de estas p\u00e1ginas s\u00f3lo se permiten para uso privado y no comercial. En la medida en que el contenido de este sitio no haya sido creado por el operador, se respetan los derechos de autor de terceros. En particular, el contenido de terceros se identifica como tal. Si a pesar de ello, se entera de una infracci\u00f3n de derechos de autor, por favor inf\u00f3rmenos. Si nos enteramos de alguna infracci\u00f3n, eliminaremos ese contenido inmediatamente.<br><br><strong>Protecci\u00f3n de datos<\/strong><br><br>El uso de nuestro sitio web suele ser posible sin proporcionar datos personales. Respecto a los datos personales (por ejemplo, nombre, direcci\u00f3n o direcciones de correo electr\u00f3nico) que se recogen en nuestro sitio web, esto se hace siempre de forma voluntaria, en la medida de lo posible. Estos datos no se transmitir\u00e1n a terceros sin su consentimiento expreso.<br>Quisi\u00e9ramos indicar que la transmisi\u00f3n de datos en Internet (por ejemplo, la comunicaci\u00f3n por correo electr\u00f3nico) puede tener carencias en materia de seguridad. No es posible una protecci\u00f3n completa de los datos contra el acceso de terceros.<br>Queda expresamente prohibido el uso de los datos de contacto publicados dentro de la obligaci\u00f3n de aviso legal por parte de terceros para el env\u00edo de material publicitario e informativo no solicitado expresamente. Los operadores de la p\u00e1gina web se reservan expresamente el derecho de emprender acciones legales en caso de env\u00edo no solicitado de informaci\u00f3n publicitaria, por ejemplo a trav\u00e9s de correos spam. Aviso legal del sitio web creado por <a href=\"http:\/\/www.impressum-generator.de\">impressum-generator.de<\/a><\/p>","protected":false},"excerpt":{"rendered":"<p>Canarian Surf FruitThomas KrieschPaseo Mercedes de la Roja, 34E 38612 El M\u00e9dano\/Tenerife Tel. Shop\u00a0 : 0034\u00a0922\u00a0177\u00a0110 eMail: shopcsf@gmail.com Web: www.canariansurffruit.com Angaben gem\u00e4\u00df \u00a7 5 TMG Canarian Surf FruitPaseo Mercedes de la Roja, 34E 38612 El M\u00e9dano\/Tenerife Vertreten durch:Thomas Kriesch Kontakt:Tel. Shop&nbsp; : 0034&nbsp;922&nbsp;177&nbsp;110 Verantwortlich f\u00fcr den Inhalt nach \u00a7 55 Abs. 2 RStV:Canarian Surf FruitPaseo [&hellip;]<\/p>","protected":false},"author":1,"featured_media":0,"parent":0,"menu_order":0,"comment_status":"closed","ping_status":"closed","template":"","meta":{"footnotes":""},"class_list":["post-129","page","type-page","status-publish","hentry"],"yoast_head":"<!-- This site is optimized with the Yoast SEO plugin v26.8 - https:\/\/yoast.com\/product\/yoast-seo-wordpress\/ -->\n<title>Impressum - Canarian Surf Fruit<\/title>\n<meta name=\"robots\" content=\"index, follow, max-snippet:-1, max-image-preview:large, max-video-preview:-1\" \/>\n<link rel=\"canonical\" href=\"https:\/\/www.canariansurffruit.com\/es\/impressum\/\" \/>\n<meta property=\"og:locale\" content=\"es_ES\" \/>\n<meta property=\"og:type\" content=\"article\" \/>\n<meta property=\"og:title\" content=\"Impressum - Canarian Surf Fruit\" \/>\n<meta property=\"og:description\" content=\"Canarian Surf FruitThomas KrieschPaseo Mercedes de la Roja, 34E 38612 El M\u00e9dano\/Tenerife Tel. Shop\u00a0 : 0034\u00a0922\u00a0177\u00a0110 eMail: shopcsf@gmail.com Web: www.canariansurffruit.com Angaben gem\u00e4\u00df \u00a7 5 TMG Canarian Surf FruitPaseo Mercedes de la Roja, 34E 38612 El M\u00e9dano\/Tenerife Vertreten durch:Thomas Kriesch Kontakt:Tel. Shop&nbsp; : 0034&nbsp;922&nbsp;177&nbsp;110 Verantwortlich f\u00fcr den Inhalt nach \u00a7 55 Abs. 2 RStV:Canarian Surf FruitPaseo [&hellip;]\" \/>\n<meta property=\"og:url\" content=\"https:\/\/www.canariansurffruit.com\/es\/impressum\/\" \/>\n<meta property=\"og:site_name\" content=\"Canarian Surf Fruit\" \/>\n<meta property=\"article:modified_time\" content=\"2022-05-05T15:58:13+00:00\" \/>\n<meta name=\"twitter:card\" content=\"summary_large_image\" \/>\n<meta name=\"twitter:label1\" content=\"Tiempo de lectura\" \/>\n\t<meta name=\"twitter:data1\" content=\"3 minutos\" \/>\n<script type=\"application\/ld+json\" class=\"yoast-schema-graph\">{\"@context\":\"https:\/\/schema.org\",\"@graph\":[{\"@type\":\"WebPage\",\"@id\":\"https:\/\/www.canariansurffruit.com\/impressum\/\",\"url\":\"https:\/\/www.canariansurffruit.com\/impressum\/\",\"name\":\"Impressum - Canarian Surf Fruit\",\"isPartOf\":{\"@id\":\"https:\/\/www.canariansurffruit.com\/#website\"},\"datePublished\":\"2020-04-21T18:24:38+00:00\",\"dateModified\":\"2022-05-05T15:58:13+00:00\",\"breadcrumb\":{\"@id\":\"https:\/\/www.canariansurffruit.com\/impressum\/#breadcrumb\"},\"inLanguage\":\"es\",\"potentialAction\":[{\"@type\":\"ReadAction\",\"target\":[\"https:\/\/www.canariansurffruit.com\/impressum\/\"]}]},{\"@type\":\"BreadcrumbList\",\"@id\":\"https:\/\/www.canariansurffruit.com\/impressum\/#breadcrumb\",\"itemListElement\":[{\"@type\":\"ListItem\",\"position\":1,\"name\":\"Startseite\",\"item\":\"https:\/\/www.canariansurffruit.com\/\"},{\"@type\":\"ListItem\",\"position\":2,\"name\":\"Impressum\"}]},{\"@type\":\"WebSite\",\"@id\":\"https:\/\/www.canariansurffruit.com\/#website\",\"url\":\"https:\/\/www.canariansurffruit.com\/\",\"name\":\"Canarian Surf Fruit\",\"description\":\"Der Surf und Lifestyle Laden direkt am Beach von El Medano\",\"publisher\":{\"@id\":\"https:\/\/www.canariansurffruit.com\/#organization\"},\"potentialAction\":[{\"@type\":\"SearchAction\",\"target\":{\"@type\":\"EntryPoint\",\"urlTemplate\":\"https:\/\/www.canariansurffruit.com\/?s={search_term_string}\"},\"query-input\":{\"@type\":\"PropertyValueSpecification\",\"valueRequired\":true,\"valueName\":\"search_term_string\"}}],\"inLanguage\":\"es\"},{\"@type\":\"Organization\",\"@id\":\"https:\/\/www.canariansurffruit.com\/#organization\",\"name\":\"Canarian Surf Fruit\",\"url\":\"https:\/\/www.canariansurffruit.com\/\",\"logo\":{\"@type\":\"ImageObject\",\"inLanguage\":\"es\",\"@id\":\"https:\/\/www.canariansurffruit.com\/#\/schema\/logo\/image\/\",\"url\":\"https:\/\/www.canariansurffruit.com\/wp-content\/uploads\/2020\/06\/Header-Logo4.jpg\",\"contentUrl\":\"https:\/\/www.canariansurffruit.com\/wp-content\/uploads\/2020\/06\/Header-Logo4.jpg\",\"width\":220,\"height\":70,\"caption\":\"Canarian Surf Fruit\"},\"image\":{\"@id\":\"https:\/\/www.canariansurffruit.com\/#\/schema\/logo\/image\/\"}}]}<\/script>\n<!-- \/ Yoast SEO plugin. -->","yoast_head_json":{"title":"Impressum - Canarian Surf Fruit","robots":{"index":"index","follow":"follow","max-snippet":"max-snippet:-1","max-image-preview":"max-image-preview:large","max-video-preview":"max-video-preview:-1"},"canonical":"https:\/\/www.canariansurffruit.com\/es\/impressum\/","og_locale":"es_ES","og_type":"article","og_title":"Impressum - Canarian Surf Fruit","og_description":"Canarian Surf FruitThomas KrieschPaseo Mercedes de la Roja, 34E 38612 El M\u00e9dano\/Tenerife Tel. Shop\u00a0 : 0034\u00a0922\u00a0177\u00a0110 eMail: shopcsf@gmail.com Web: www.canariansurffruit.com Angaben gem\u00e4\u00df \u00a7 5 TMG Canarian Surf FruitPaseo Mercedes de la Roja, 34E 38612 El M\u00e9dano\/Tenerife Vertreten durch:Thomas Kriesch Kontakt:Tel. Shop&nbsp; : 0034&nbsp;922&nbsp;177&nbsp;110 Verantwortlich f\u00fcr den Inhalt nach \u00a7 55 Abs. 2 RStV:Canarian Surf FruitPaseo [&hellip;]","og_url":"https:\/\/www.canariansurffruit.com\/es\/impressum\/","og_site_name":"Canarian Surf Fruit","article_modified_time":"2022-05-05T15:58:13+00:00","twitter_card":"summary_large_image","twitter_misc":{"Tiempo de lectura":"3 minutos"},"schema":{"@context":"https:\/\/schema.org","@graph":[{"@type":"WebPage","@id":"https:\/\/www.canariansurffruit.com\/impressum\/","url":"https:\/\/www.canariansurffruit.com\/impressum\/","name":"Impressum - Canarian Surf Fruit","isPartOf":{"@id":"https:\/\/www.canariansurffruit.com\/#website"},"datePublished":"2020-04-21T18:24:38+00:00","dateModified":"2022-05-05T15:58:13+00:00","breadcrumb":{"@id":"https:\/\/www.canariansurffruit.com\/impressum\/#breadcrumb"},"inLanguage":"es","potentialAction":[{"@type":"ReadAction","target":["https:\/\/www.canariansurffruit.com\/impressum\/"]}]},{"@type":"BreadcrumbList","@id":"https:\/\/www.canariansurffruit.com\/impressum\/#breadcrumb","itemListElement":[{"@type":"ListItem","position":1,"name":"Startseite","item":"https:\/\/www.canariansurffruit.com\/"},{"@type":"ListItem","position":2,"name":"Impressum"}]},{"@type":"WebSite","@id":"https:\/\/www.canariansurffruit.com\/#website","url":"https:\/\/www.canariansurffruit.com\/","name":"Canarian Surf Fruit","description":"Der Surf und Lifestyle Laden direkt am Beach von El Medano","publisher":{"@id":"https:\/\/www.canariansurffruit.com\/#organization"},"potentialAction":[{"@type":"SearchAction","target":{"@type":"EntryPoint","urlTemplate":"https:\/\/www.canariansurffruit.com\/?s={search_term_string}"},"query-input":{"@type":"PropertyValueSpecification","valueRequired":true,"valueName":"search_term_string"}}],"inLanguage":"es"},{"@type":"Organization","@id":"https:\/\/www.canariansurffruit.com\/#organization","name":"Canarian Surf Fruit","url":"https:\/\/www.canariansurffruit.com\/","logo":{"@type":"ImageObject","inLanguage":"es","@id":"https:\/\/www.canariansurffruit.com\/#\/schema\/logo\/image\/","url":"https:\/\/www.canariansurffruit.com\/wp-content\/uploads\/2020\/06\/Header-Logo4.jpg","contentUrl":"https:\/\/www.canariansurffruit.com\/wp-content\/uploads\/2020\/06\/Header-Logo4.jpg","width":220,"height":70,"caption":"Canarian Surf Fruit"},"image":{"@id":"https:\/\/www.canariansurffruit.com\/#\/schema\/logo\/image\/"}}]}},"_links":{"self":[{"href":"https:\/\/www.canariansurffruit.com\/es\/wp-json\/wp\/v2\/pages\/129","targetHints":{"allow":["GET"]}}],"collection":[{"href":"https:\/\/www.canariansurffruit.com\/es\/wp-json\/wp\/v2\/pages"}],"about":[{"href":"https:\/\/www.canariansurffruit.com\/es\/wp-json\/wp\/v2\/types\/page"}],"author":[{"embeddable":true,"href":"https:\/\/www.canariansurffruit.com\/es\/wp-json\/wp\/v2\/users\/1"}],"replies":[{"embeddable":true,"href":"https:\/\/www.canariansurffruit.com\/es\/wp-json\/wp\/v2\/comments?post=129"}],"version-history":[{"count":13,"href":"https:\/\/www.canariansurffruit.com\/es\/wp-json\/wp\/v2\/pages\/129\/revisions"}],"predecessor-version":[{"id":935,"href":"https:\/\/www.canariansurffruit.com\/es\/wp-json\/wp\/v2\/pages\/129\/revisions\/935"}],"wp:attachment":[{"href":"https:\/\/www.canariansurffruit.com\/es\/wp-json\/wp\/v2\/media?parent=129"}],"curies":[{"name":"wp","href":"https:\/\/api.w.org\/{rel}","templated":true}]}}