{"id":721,"date":"2020-05-18T11:46:43","date_gmt":"2020-05-18T09:46:43","guid":{"rendered":"https:\/\/www.canariansurffruit.com\/?page_id=721"},"modified":"2022-05-05T18:39:08","modified_gmt":"2022-05-05T16:39:08","slug":"unser-team","status":"publish","type":"page","link":"https:\/\/www.canariansurffruit.com\/es\/unser-team\/","title":{"rendered":"Nuestro equipo"},"content":{"rendered":"<div class=\"wp-block-columns is-layout-flex wp-container-core-columns-is-layout-9d6595d7 wp-block-columns-is-layout-flex\">\n<div class=\"wp-block-column is-layout-flow wp-block-column-is-layout-flow\" style=\"flex-basis:33.33%\">\n<figure class=\"wp-block-image alignwide size-large\"><img loading=\"lazy\" decoding=\"async\" width=\"1024\" height=\"1024\" src=\"https:\/\/www.canariansurffruit.com\/wp-content\/uploads\/2020\/05\/tomsmile-1024x1024.jpg\" alt=\"Kitenoard Lehrer Tom\" class=\"wp-image-418\" srcset=\"https:\/\/www.canariansurffruit.com\/wp-content\/uploads\/2020\/05\/tomsmile-1024x1024.jpg 1024w, https:\/\/www.canariansurffruit.com\/wp-content\/uploads\/2020\/05\/tomsmile-300x300.jpg 300w, https:\/\/www.canariansurffruit.com\/wp-content\/uploads\/2020\/05\/tomsmile-150x150.jpg 150w, https:\/\/www.canariansurffruit.com\/wp-content\/uploads\/2020\/05\/tomsmile-768x768.jpg 768w, https:\/\/www.canariansurffruit.com\/wp-content\/uploads\/2020\/05\/tomsmile-1536x1536.jpg 1536w, https:\/\/www.canariansurffruit.com\/wp-content\/uploads\/2020\/05\/tomsmile-500x500.jpg 500w, https:\/\/www.canariansurffruit.com\/wp-content\/uploads\/2020\/05\/tomsmile-600x600.jpg 600w, https:\/\/www.canariansurffruit.com\/wp-content\/uploads\/2020\/05\/tomsmile-100x100.jpg 100w, https:\/\/www.canariansurffruit.com\/wp-content\/uploads\/2020\/05\/tomsmile.jpg 1702w\" sizes=\"auto, (max-width: 1024px) 100vw, 1024px\" \/><\/figure>\n\n\n\n<figure class=\"wp-block-image alignwide size-large\"><img loading=\"lazy\" decoding=\"async\" width=\"1024\" height=\"1024\" src=\"https:\/\/www.canariansurffruit.com\/wp-content\/uploads\/2020\/04\/Kiten-2-1024x1024.jpg\" alt=\"Kiten Welle Montana Roja\" class=\"wp-image-162\" srcset=\"https:\/\/www.canariansurffruit.com\/wp-content\/uploads\/2020\/04\/Kiten-2-1024x1024.jpg 1024w, https:\/\/www.canariansurffruit.com\/wp-content\/uploads\/2020\/04\/Kiten-2-500x500.jpg 500w, https:\/\/www.canariansurffruit.com\/wp-content\/uploads\/2020\/04\/Kiten-2-100x100.jpg 100w, https:\/\/www.canariansurffruit.com\/wp-content\/uploads\/2020\/04\/Kiten-2-600x600.jpg 600w, https:\/\/www.canariansurffruit.com\/wp-content\/uploads\/2020\/04\/Kiten-2-300x300.jpg 300w, https:\/\/www.canariansurffruit.com\/wp-content\/uploads\/2020\/04\/Kiten-2-150x150.jpg 150w, https:\/\/www.canariansurffruit.com\/wp-content\/uploads\/2020\/04\/Kiten-2-768x768.jpg 768w, https:\/\/www.canariansurffruit.com\/wp-content\/uploads\/2020\/04\/Kiten-2-1536x1536.jpg 1536w, https:\/\/www.canariansurffruit.com\/wp-content\/uploads\/2020\/04\/Kiten-2.jpg 1808w\" sizes=\"auto, (max-width: 1024px) 100vw, 1024px\" \/><\/figure>\n<\/div>\n\n\n\n<div class=\"wp-block-column is-layout-flow wp-block-column-is-layout-flow\" style=\"flex-basis:66.66%\">\n<p>Hola, mi nombre es Tom.<\/p>\n\n\n\n<p class=\"translation-block\">Soy uno de los socios de <strong>Canarian Surf Fruit<\/strong>.<br>En 1994 emigr\u00e9 a Costa Rica y constru\u00ed una casa de hu\u00e9spedes all\u00ed. Como instructor de buceo calificado ten\u00eda una escuela de buceo adosada a la casa. Durante este tiempo descubr\u00ed mi gran pasi\u00f3n, el surf. Este hobby ha sido una parte esencial de mi vida desde entonces.<\/p>\n\n\n\n<p><br>Cuando mi hija alcanz\u00f3 la edad de tener que ir al colegio, pensamos en volver a Europa por una mejor educaci\u00f3n. Para poder seguir surfeando, en un clima agradable, decidimos trasladarnos a las Islas Canarias. En 2004 nos mudamos a Tenerife y descubr\u00ed el kitesurf como una alternativa al surf. Un a\u00f1o mas tarde complet\u00e9 mi formaci\u00f3n como instructor de kite (tambi\u00e9n internacional) y he trabajado como tal desde entonces, durante los \u00faltimos a\u00f1os en mi propia peque\u00f1a academia llamada \"Goin Kitesurf\".<\/p>\n\n\n\n<p class=\"translation-block\">En 2017 me convert\u00ed en asociado de <strong>Canarian Surf Fruit<\/strong> y a partir de ahora estoy a tu disposici\u00f3n con mis conocimientos.<\/p>\n<\/div>\n<\/div>","protected":false},"excerpt":{"rendered":"<p>Hallo, meine Name ist Tom. Ich bin einer der Teilhaber von Canarian Surf Fruit.1994 wanderte ich nach Costa Rica aus und baute dort ein G\u00e4stehaus. Als ausgebildeter Tauchlehrer hatte ich dort eine, dem Haus angeschlossene Tauchschule. W\u00e4hrend dieser Zeit entdeckte ich meine gro\u00dfe Leidenschaft, das Surfen. Dieses Hobby ist seitdem nicht mehr aus meinem Leben [&hellip;]<\/p>","protected":false},"author":1,"featured_media":0,"parent":0,"menu_order":0,"comment_status":"closed","ping_status":"closed","template":"","meta":{"footnotes":""},"class_list":["post-721","page","type-page","status-publish","hentry"],"yoast_head":"<!-- This site is optimized with the Yoast SEO plugin v26.8 - https:\/\/yoast.com\/product\/yoast-seo-wordpress\/ -->\n<title>Unser Team - Canarian Surf Fruit<\/title>\n<meta name=\"robots\" content=\"index, follow, max-snippet:-1, max-image-preview:large, max-video-preview:-1\" \/>\n<link rel=\"canonical\" href=\"https:\/\/www.canariansurffruit.com\/es\/unser-team\/\" \/>\n<meta property=\"og:locale\" content=\"es_ES\" \/>\n<meta property=\"og:type\" content=\"article\" \/>\n<meta property=\"og:title\" content=\"Unser Team - Canarian Surf Fruit\" \/>\n<meta property=\"og:description\" content=\"Hallo, meine Name ist Tom. Ich bin einer der Teilhaber von Canarian Surf Fruit.1994 wanderte ich nach Costa Rica aus und baute dort ein G\u00e4stehaus. Als ausgebildeter Tauchlehrer hatte ich dort eine, dem Haus angeschlossene Tauchschule. W\u00e4hrend dieser Zeit entdeckte ich meine gro\u00dfe Leidenschaft, das Surfen. Dieses Hobby ist seitdem nicht mehr aus meinem Leben [&hellip;]\" \/>\n<meta property=\"og:url\" content=\"https:\/\/www.canariansurffruit.com\/es\/unser-team\/\" \/>\n<meta property=\"og:site_name\" content=\"Canarian Surf Fruit\" \/>\n<meta property=\"article:modified_time\" content=\"2022-05-05T16:39:08+00:00\" \/>\n<meta property=\"og:image\" content=\"https:\/\/www.canariansurffruit.com\/wp-content\/uploads\/2020\/05\/tomsmile-1024x1024.jpg\" \/>\n<meta name=\"twitter:card\" content=\"summary_large_image\" \/>\n<meta name=\"twitter:label1\" content=\"Tiempo de lectura\" \/>\n\t<meta name=\"twitter:data1\" content=\"2 minutos\" \/>\n<script type=\"application\/ld+json\" class=\"yoast-schema-graph\">{\"@context\":\"https:\/\/schema.org\",\"@graph\":[{\"@type\":\"WebPage\",\"@id\":\"https:\/\/www.canariansurffruit.com\/unser-team\/\",\"url\":\"https:\/\/www.canariansurffruit.com\/unser-team\/\",\"name\":\"Unser Team - Canarian Surf Fruit\",\"isPartOf\":{\"@id\":\"https:\/\/www.canariansurffruit.com\/#website\"},\"primaryImageOfPage\":{\"@id\":\"https:\/\/www.canariansurffruit.com\/unser-team\/#primaryimage\"},\"image\":{\"@id\":\"https:\/\/www.canariansurffruit.com\/unser-team\/#primaryimage\"},\"thumbnailUrl\":\"https:\/\/www.canariansurffruit.com\/wp-content\/uploads\/2020\/05\/tomsmile-1024x1024.jpg\",\"datePublished\":\"2020-05-18T09:46:43+00:00\",\"dateModified\":\"2022-05-05T16:39:08+00:00\",\"breadcrumb\":{\"@id\":\"https:\/\/www.canariansurffruit.com\/unser-team\/#breadcrumb\"},\"inLanguage\":\"es\",\"potentialAction\":[{\"@type\":\"ReadAction\",\"target\":[\"https:\/\/www.canariansurffruit.com\/unser-team\/\"]}]},{\"@type\":\"ImageObject\",\"inLanguage\":\"es\",\"@id\":\"https:\/\/www.canariansurffruit.com\/unser-team\/#primaryimage\",\"url\":\"https:\/\/www.canariansurffruit.com\/wp-content\/uploads\/2020\/05\/tomsmile-1024x1024.jpg\",\"contentUrl\":\"https:\/\/www.canariansurffruit.com\/wp-content\/uploads\/2020\/05\/tomsmile-1024x1024.jpg\"},{\"@type\":\"BreadcrumbList\",\"@id\":\"https:\/\/www.canariansurffruit.com\/unser-team\/#breadcrumb\",\"itemListElement\":[{\"@type\":\"ListItem\",\"position\":1,\"name\":\"Startseite\",\"item\":\"https:\/\/www.canariansurffruit.com\/\"},{\"@type\":\"ListItem\",\"position\":2,\"name\":\"Unser Team\"}]},{\"@type\":\"WebSite\",\"@id\":\"https:\/\/www.canariansurffruit.com\/#website\",\"url\":\"https:\/\/www.canariansurffruit.com\/\",\"name\":\"Canarian Surf Fruit\",\"description\":\"Der Surf und Lifestyle Laden direkt am Beach von El Medano\",\"publisher\":{\"@id\":\"https:\/\/www.canariansurffruit.com\/#organization\"},\"potentialAction\":[{\"@type\":\"SearchAction\",\"target\":{\"@type\":\"EntryPoint\",\"urlTemplate\":\"https:\/\/www.canariansurffruit.com\/?s={search_term_string}\"},\"query-input\":{\"@type\":\"PropertyValueSpecification\",\"valueRequired\":true,\"valueName\":\"search_term_string\"}}],\"inLanguage\":\"es\"},{\"@type\":\"Organization\",\"@id\":\"https:\/\/www.canariansurffruit.com\/#organization\",\"name\":\"Canarian Surf Fruit\",\"url\":\"https:\/\/www.canariansurffruit.com\/\",\"logo\":{\"@type\":\"ImageObject\",\"inLanguage\":\"es\",\"@id\":\"https:\/\/www.canariansurffruit.com\/#\/schema\/logo\/image\/\",\"url\":\"https:\/\/www.canariansurffruit.com\/wp-content\/uploads\/2020\/06\/Header-Logo4.jpg\",\"contentUrl\":\"https:\/\/www.canariansurffruit.com\/wp-content\/uploads\/2020\/06\/Header-Logo4.jpg\",\"width\":220,\"height\":70,\"caption\":\"Canarian Surf Fruit\"},\"image\":{\"@id\":\"https:\/\/www.canariansurffruit.com\/#\/schema\/logo\/image\/\"}}]}<\/script>\n<!-- \/ Yoast SEO plugin. -->","yoast_head_json":{"title":"Unser Team - Canarian Surf Fruit","robots":{"index":"index","follow":"follow","max-snippet":"max-snippet:-1","max-image-preview":"max-image-preview:large","max-video-preview":"max-video-preview:-1"},"canonical":"https:\/\/www.canariansurffruit.com\/es\/unser-team\/","og_locale":"es_ES","og_type":"article","og_title":"Unser Team - Canarian Surf Fruit","og_description":"Hallo, meine Name ist Tom. Ich bin einer der Teilhaber von Canarian Surf Fruit.1994 wanderte ich nach Costa Rica aus und baute dort ein G\u00e4stehaus. Als ausgebildeter Tauchlehrer hatte ich dort eine, dem Haus angeschlossene Tauchschule. W\u00e4hrend dieser Zeit entdeckte ich meine gro\u00dfe Leidenschaft, das Surfen. Dieses Hobby ist seitdem nicht mehr aus meinem Leben [&hellip;]","og_url":"https:\/\/www.canariansurffruit.com\/es\/unser-team\/","og_site_name":"Canarian Surf Fruit","article_modified_time":"2022-05-05T16:39:08+00:00","og_image":[{"url":"https:\/\/www.canariansurffruit.com\/wp-content\/uploads\/2020\/05\/tomsmile-1024x1024.jpg","type":"","width":"","height":""}],"twitter_card":"summary_large_image","twitter_misc":{"Tiempo de lectura":"2 minutos"},"schema":{"@context":"https:\/\/schema.org","@graph":[{"@type":"WebPage","@id":"https:\/\/www.canariansurffruit.com\/unser-team\/","url":"https:\/\/www.canariansurffruit.com\/unser-team\/","name":"Unser Team - Canarian Surf Fruit","isPartOf":{"@id":"https:\/\/www.canariansurffruit.com\/#website"},"primaryImageOfPage":{"@id":"https:\/\/www.canariansurffruit.com\/unser-team\/#primaryimage"},"image":{"@id":"https:\/\/www.canariansurffruit.com\/unser-team\/#primaryimage"},"thumbnailUrl":"https:\/\/www.canariansurffruit.com\/wp-content\/uploads\/2020\/05\/tomsmile-1024x1024.jpg","datePublished":"2020-05-18T09:46:43+00:00","dateModified":"2022-05-05T16:39:08+00:00","breadcrumb":{"@id":"https:\/\/www.canariansurffruit.com\/unser-team\/#breadcrumb"},"inLanguage":"es","potentialAction":[{"@type":"ReadAction","target":["https:\/\/www.canariansurffruit.com\/unser-team\/"]}]},{"@type":"ImageObject","inLanguage":"es","@id":"https:\/\/www.canariansurffruit.com\/unser-team\/#primaryimage","url":"https:\/\/www.canariansurffruit.com\/wp-content\/uploads\/2020\/05\/tomsmile-1024x1024.jpg","contentUrl":"https:\/\/www.canariansurffruit.com\/wp-content\/uploads\/2020\/05\/tomsmile-1024x1024.jpg"},{"@type":"BreadcrumbList","@id":"https:\/\/www.canariansurffruit.com\/unser-team\/#breadcrumb","itemListElement":[{"@type":"ListItem","position":1,"name":"Startseite","item":"https:\/\/www.canariansurffruit.com\/"},{"@type":"ListItem","position":2,"name":"Unser Team"}]},{"@type":"WebSite","@id":"https:\/\/www.canariansurffruit.com\/#website","url":"https:\/\/www.canariansurffruit.com\/","name":"Canarian Surf Fruit","description":"Der Surf und Lifestyle Laden direkt am Beach von El Medano","publisher":{"@id":"https:\/\/www.canariansurffruit.com\/#organization"},"potentialAction":[{"@type":"SearchAction","target":{"@type":"EntryPoint","urlTemplate":"https:\/\/www.canariansurffruit.com\/?s={search_term_string}"},"query-input":{"@type":"PropertyValueSpecification","valueRequired":true,"valueName":"search_term_string"}}],"inLanguage":"es"},{"@type":"Organization","@id":"https:\/\/www.canariansurffruit.com\/#organization","name":"Canarian Surf Fruit","url":"https:\/\/www.canariansurffruit.com\/","logo":{"@type":"ImageObject","inLanguage":"es","@id":"https:\/\/www.canariansurffruit.com\/#\/schema\/logo\/image\/","url":"https:\/\/www.canariansurffruit.com\/wp-content\/uploads\/2020\/06\/Header-Logo4.jpg","contentUrl":"https:\/\/www.canariansurffruit.com\/wp-content\/uploads\/2020\/06\/Header-Logo4.jpg","width":220,"height":70,"caption":"Canarian Surf Fruit"},"image":{"@id":"https:\/\/www.canariansurffruit.com\/#\/schema\/logo\/image\/"}}]}},"_links":{"self":[{"href":"https:\/\/www.canariansurffruit.com\/es\/wp-json\/wp\/v2\/pages\/721","targetHints":{"allow":["GET"]}}],"collection":[{"href":"https:\/\/www.canariansurffruit.com\/es\/wp-json\/wp\/v2\/pages"}],"about":[{"href":"https:\/\/www.canariansurffruit.com\/es\/wp-json\/wp\/v2\/types\/page"}],"author":[{"embeddable":true,"href":"https:\/\/www.canariansurffruit.com\/es\/wp-json\/wp\/v2\/users\/1"}],"replies":[{"embeddable":true,"href":"https:\/\/www.canariansurffruit.com\/es\/wp-json\/wp\/v2\/comments?post=721"}],"version-history":[{"count":17,"href":"https:\/\/www.canariansurffruit.com\/es\/wp-json\/wp\/v2\/pages\/721\/revisions"}],"predecessor-version":[{"id":938,"href":"https:\/\/www.canariansurffruit.com\/es\/wp-json\/wp\/v2\/pages\/721\/revisions\/938"}],"wp:attachment":[{"href":"https:\/\/www.canariansurffruit.com\/es\/wp-json\/wp\/v2\/media?parent=721"}],"curies":[{"name":"wp","href":"https:\/\/api.w.org\/{rel}","templated":true}]}}