{"id":745,"date":"2020-05-24T14:22:18","date_gmt":"2020-05-24T12:22:18","guid":{"rendered":"https:\/\/www.canariansurffruit.com\/?page_id=745"},"modified":"2020-05-28T13:37:15","modified_gmt":"2020-05-28T11:37:15","slug":"unser-shop","status":"publish","type":"page","link":"https:\/\/www.canariansurffruit.com\/es\/unser-shop\/","title":{"rendered":"Nuestra tienda"},"content":{"rendered":"<p class=\"translation-block\"><strong>Canarian Surf Fruit<\/strong> es la tienda de surf m\u00e1s antigua directamente en la playa de El M\u00e9dano. La antigua \"tienda de hardware\" se abri\u00f3 en el verano de 1985. \u00a0<\/p>\n\n\n\n<p>En 1992, con J\u00fcrgen al mando, la tienda de surf se convirti\u00f3 en \"el lugar para estar\", especialmente para los windsurfistas. En ese momento no hab\u00edan kiters todav\u00eda. Se reun\u00edan entre ellos, pasaban el tiempo juntos y usaban \"Camisetas El M\u00e9dano\" como una caracter\u00edstica distintiva. O si se romp\u00eda una quilla, la tienda de surf era la primera direcci\u00f3n donde acudir.<\/p>\n\n\n\n<p class=\"translation-block\">Hoy en d\u00eda puedes encontrar en la tienda la ropa y accesorios m\u00e1s novedosos y de moda, que forman parte del estilo de vida surfero. Por supuesto, tambi\u00e9n te ofrecemos todas las marcas de dise\u00f1o grandes y peque\u00f1as que destacan tu individualidad y que de otra manera son dif\u00edciles de conseguir en la isla. Adem\u00e1s de las grandes marcas como Rip Curl, Chiemsee, Ocean Earth, Timezone y Tranquillo, tambi\u00e9n vendemos nuestra propia marca  <strong>Canarian Surf Fruit<\/strong>, as\u00ed como productos del Clean Ocean Project de las Islas Canarias. Con esto no s\u00f3lo te ves absolutamente guay, sino que tambi\u00e9n respaldas nuestro medio ambiente, porque el Clean Ocean Project se ocupa de limpiar los oc\u00e9anos y las playas de residuos pl\u00e1sticos.<\/p>\n\n\n\n<p class=\"translation-block\">Nuestra ropa de la marca <strong>Canarian Surf Fruit<\/strong> est\u00e1 hecha de algod\u00f3n 100% y garantiza un agradable confort de uso. Ambas marcas, <strong>Canarian Surf Fruit<\/strong>, as\u00ed como algunos productos de Clean Ocean Project, fueron producidos especialmente para nosotros y tambi\u00e9n est\u00e1n disponibles en nuestra tienda online.<\/p>\n\n\n\n<p><strong>As\u00ed que el equipo Canarian Surf Fruit te da la bienvenida a nuestra tienda. Pasa por aqu\u00ed o echa un vistazo a nuestra tienda online y divi\u00e9rtete descubriendo cosas nuevas.<\/strong><\/p>\n\n\n\n<p><strong>Hasta pronto!<\/strong><\/p>\n\n\n\n<figure class=\"wp-block-image alignwide size-full\"><img loading=\"lazy\" decoding=\"async\" width=\"1920\" height=\"1080\" src=\"https:\/\/www.canariansurffruit.com\/wp-content\/uploads\/2020\/05\/fru\u0308her_heute-FINAL-1.gif\" alt=\"Canarian Surf Fruit Shop in den 80er Jahren\" class=\"wp-image-550\"\/><\/figure>","protected":false},"excerpt":{"rendered":"<p>Canarian Surf Fruit ist der \u00e4lteste Surfshop direkt am Strand in El M\u00e9dano. Er\u00f6ffnet wurde der damalige \u201cHardware-Laden\u201d im Sommer 1985. \u00a0 Unter J\u00fcrgen wurde es 1992 der Surfshop, sowas wie \u201cthe place to be\u201d,&nbsp; vor allem bei den Windsurfern. Kiter gab es zu diesem Zeitpunkt noch nicht. Man kennt sich eben, h\u00e4ngt zusammmen ab [&hellip;]<\/p>","protected":false},"author":1,"featured_media":0,"parent":0,"menu_order":0,"comment_status":"closed","ping_status":"closed","template":"","meta":{"footnotes":""},"class_list":["post-745","page","type-page","status-publish","hentry"],"yoast_head":"<!-- This site is optimized with the Yoast SEO plugin v26.8 - https:\/\/yoast.com\/product\/yoast-seo-wordpress\/ -->\n<title>Unser Shop - Canarian Surf Fruit<\/title>\n<meta name=\"robots\" content=\"index, follow, max-snippet:-1, max-image-preview:large, max-video-preview:-1\" \/>\n<link rel=\"canonical\" href=\"https:\/\/www.canariansurffruit.com\/es\/unser-shop\/\" \/>\n<meta property=\"og:locale\" content=\"es_ES\" \/>\n<meta property=\"og:type\" content=\"article\" \/>\n<meta property=\"og:title\" content=\"Unser Shop - Canarian Surf Fruit\" \/>\n<meta property=\"og:description\" content=\"Canarian Surf Fruit ist der \u00e4lteste Surfshop direkt am Strand in El M\u00e9dano. Er\u00f6ffnet wurde der damalige \u201cHardware-Laden\u201d im Sommer 1985. \u00a0 Unter J\u00fcrgen wurde es 1992 der Surfshop, sowas wie \u201cthe place to be\u201d,&nbsp; vor allem bei den Windsurfern. Kiter gab es zu diesem Zeitpunkt noch nicht. Man kennt sich eben, h\u00e4ngt zusammmen ab [&hellip;]\" \/>\n<meta property=\"og:url\" content=\"https:\/\/www.canariansurffruit.com\/es\/unser-shop\/\" \/>\n<meta property=\"og:site_name\" content=\"Canarian Surf Fruit\" \/>\n<meta property=\"article:modified_time\" content=\"2020-05-28T11:37:15+00:00\" \/>\n<meta name=\"twitter:card\" content=\"summary_large_image\" \/>\n<meta name=\"twitter:label1\" content=\"Tiempo de lectura\" \/>\n\t<meta name=\"twitter:data1\" content=\"1 minuto\" \/>\n<script type=\"application\/ld+json\" class=\"yoast-schema-graph\">{\"@context\":\"https:\/\/schema.org\",\"@graph\":[{\"@type\":\"WebPage\",\"@id\":\"https:\/\/www.canariansurffruit.com\/unser-shop\/\",\"url\":\"https:\/\/www.canariansurffruit.com\/unser-shop\/\",\"name\":\"Unser Shop - Canarian Surf Fruit\",\"isPartOf\":{\"@id\":\"https:\/\/www.canariansurffruit.com\/#website\"},\"datePublished\":\"2020-05-24T12:22:18+00:00\",\"dateModified\":\"2020-05-28T11:37:15+00:00\",\"breadcrumb\":{\"@id\":\"https:\/\/www.canariansurffruit.com\/unser-shop\/#breadcrumb\"},\"inLanguage\":\"es\",\"potentialAction\":[{\"@type\":\"ReadAction\",\"target\":[\"https:\/\/www.canariansurffruit.com\/unser-shop\/\"]}]},{\"@type\":\"BreadcrumbList\",\"@id\":\"https:\/\/www.canariansurffruit.com\/unser-shop\/#breadcrumb\",\"itemListElement\":[{\"@type\":\"ListItem\",\"position\":1,\"name\":\"Startseite\",\"item\":\"https:\/\/www.canariansurffruit.com\/\"},{\"@type\":\"ListItem\",\"position\":2,\"name\":\"Unser Shop\"}]},{\"@type\":\"WebSite\",\"@id\":\"https:\/\/www.canariansurffruit.com\/#website\",\"url\":\"https:\/\/www.canariansurffruit.com\/\",\"name\":\"Canarian Surf Fruit\",\"description\":\"Der Surf und Lifestyle Laden direkt am Beach von El Medano\",\"publisher\":{\"@id\":\"https:\/\/www.canariansurffruit.com\/#organization\"},\"potentialAction\":[{\"@type\":\"SearchAction\",\"target\":{\"@type\":\"EntryPoint\",\"urlTemplate\":\"https:\/\/www.canariansurffruit.com\/?s={search_term_string}\"},\"query-input\":{\"@type\":\"PropertyValueSpecification\",\"valueRequired\":true,\"valueName\":\"search_term_string\"}}],\"inLanguage\":\"es\"},{\"@type\":\"Organization\",\"@id\":\"https:\/\/www.canariansurffruit.com\/#organization\",\"name\":\"Canarian Surf Fruit\",\"url\":\"https:\/\/www.canariansurffruit.com\/\",\"logo\":{\"@type\":\"ImageObject\",\"inLanguage\":\"es\",\"@id\":\"https:\/\/www.canariansurffruit.com\/#\/schema\/logo\/image\/\",\"url\":\"https:\/\/www.canariansurffruit.com\/wp-content\/uploads\/2020\/06\/Header-Logo4.jpg\",\"contentUrl\":\"https:\/\/www.canariansurffruit.com\/wp-content\/uploads\/2020\/06\/Header-Logo4.jpg\",\"width\":220,\"height\":70,\"caption\":\"Canarian Surf Fruit\"},\"image\":{\"@id\":\"https:\/\/www.canariansurffruit.com\/#\/schema\/logo\/image\/\"}}]}<\/script>\n<!-- \/ Yoast SEO plugin. -->","yoast_head_json":{"title":"Unser Shop - Canarian Surf Fruit","robots":{"index":"index","follow":"follow","max-snippet":"max-snippet:-1","max-image-preview":"max-image-preview:large","max-video-preview":"max-video-preview:-1"},"canonical":"https:\/\/www.canariansurffruit.com\/es\/unser-shop\/","og_locale":"es_ES","og_type":"article","og_title":"Unser Shop - Canarian Surf Fruit","og_description":"Canarian Surf Fruit ist der \u00e4lteste Surfshop direkt am Strand in El M\u00e9dano. Er\u00f6ffnet wurde der damalige \u201cHardware-Laden\u201d im Sommer 1985. \u00a0 Unter J\u00fcrgen wurde es 1992 der Surfshop, sowas wie \u201cthe place to be\u201d,&nbsp; vor allem bei den Windsurfern. Kiter gab es zu diesem Zeitpunkt noch nicht. Man kennt sich eben, h\u00e4ngt zusammmen ab [&hellip;]","og_url":"https:\/\/www.canariansurffruit.com\/es\/unser-shop\/","og_site_name":"Canarian Surf Fruit","article_modified_time":"2020-05-28T11:37:15+00:00","twitter_card":"summary_large_image","twitter_misc":{"Tiempo de lectura":"1 minuto"},"schema":{"@context":"https:\/\/schema.org","@graph":[{"@type":"WebPage","@id":"https:\/\/www.canariansurffruit.com\/unser-shop\/","url":"https:\/\/www.canariansurffruit.com\/unser-shop\/","name":"Unser Shop - Canarian Surf Fruit","isPartOf":{"@id":"https:\/\/www.canariansurffruit.com\/#website"},"datePublished":"2020-05-24T12:22:18+00:00","dateModified":"2020-05-28T11:37:15+00:00","breadcrumb":{"@id":"https:\/\/www.canariansurffruit.com\/unser-shop\/#breadcrumb"},"inLanguage":"es","potentialAction":[{"@type":"ReadAction","target":["https:\/\/www.canariansurffruit.com\/unser-shop\/"]}]},{"@type":"BreadcrumbList","@id":"https:\/\/www.canariansurffruit.com\/unser-shop\/#breadcrumb","itemListElement":[{"@type":"ListItem","position":1,"name":"Startseite","item":"https:\/\/www.canariansurffruit.com\/"},{"@type":"ListItem","position":2,"name":"Unser Shop"}]},{"@type":"WebSite","@id":"https:\/\/www.canariansurffruit.com\/#website","url":"https:\/\/www.canariansurffruit.com\/","name":"Canarian Surf Fruit","description":"Der Surf und Lifestyle Laden direkt am Beach von El Medano","publisher":{"@id":"https:\/\/www.canariansurffruit.com\/#organization"},"potentialAction":[{"@type":"SearchAction","target":{"@type":"EntryPoint","urlTemplate":"https:\/\/www.canariansurffruit.com\/?s={search_term_string}"},"query-input":{"@type":"PropertyValueSpecification","valueRequired":true,"valueName":"search_term_string"}}],"inLanguage":"es"},{"@type":"Organization","@id":"https:\/\/www.canariansurffruit.com\/#organization","name":"Canarian Surf Fruit","url":"https:\/\/www.canariansurffruit.com\/","logo":{"@type":"ImageObject","inLanguage":"es","@id":"https:\/\/www.canariansurffruit.com\/#\/schema\/logo\/image\/","url":"https:\/\/www.canariansurffruit.com\/wp-content\/uploads\/2020\/06\/Header-Logo4.jpg","contentUrl":"https:\/\/www.canariansurffruit.com\/wp-content\/uploads\/2020\/06\/Header-Logo4.jpg","width":220,"height":70,"caption":"Canarian Surf Fruit"},"image":{"@id":"https:\/\/www.canariansurffruit.com\/#\/schema\/logo\/image\/"}}]}},"_links":{"self":[{"href":"https:\/\/www.canariansurffruit.com\/es\/wp-json\/wp\/v2\/pages\/745","targetHints":{"allow":["GET"]}}],"collection":[{"href":"https:\/\/www.canariansurffruit.com\/es\/wp-json\/wp\/v2\/pages"}],"about":[{"href":"https:\/\/www.canariansurffruit.com\/es\/wp-json\/wp\/v2\/types\/page"}],"author":[{"embeddable":true,"href":"https:\/\/www.canariansurffruit.com\/es\/wp-json\/wp\/v2\/users\/1"}],"replies":[{"embeddable":true,"href":"https:\/\/www.canariansurffruit.com\/es\/wp-json\/wp\/v2\/comments?post=745"}],"version-history":[{"count":8,"href":"https:\/\/www.canariansurffruit.com\/es\/wp-json\/wp\/v2\/pages\/745\/revisions"}],"predecessor-version":[{"id":823,"href":"https:\/\/www.canariansurffruit.com\/es\/wp-json\/wp\/v2\/pages\/745\/revisions\/823"}],"wp:attachment":[{"href":"https:\/\/www.canariansurffruit.com\/es\/wp-json\/wp\/v2\/media?parent=745"}],"curies":[{"name":"wp","href":"https:\/\/api.w.org\/{rel}","templated":true}]}}