{"id":795,"date":"2020-05-25T12:10:00","date_gmt":"2020-05-25T10:10:00","guid":{"rendered":"https:\/\/www.canariansurffruit.com\/?page_id=795"},"modified":"2020-05-29T20:59:54","modified_gmt":"2020-05-29T18:59:54","slug":"surf-hotspot","status":"publish","type":"page","link":"https:\/\/www.canariansurffruit.com\/es\/surf-hotspot\/","title":{"rendered":"Surf Hotspot"},"content":{"rendered":"<h2 class=\"wp-block-heading\"><strong>El para\u00edso del windsurf y kitesurf El M\u00e9dano<\/strong><\/h2>\n\n\n\n<p>El M\u00e9dano est\u00e1 situado en el sureste de Tenerife y es una de las zonas m\u00e1s populares para los deportes acu\u00e1ticos. Las buenas condiciones de viento y un clima agradable durante todo el a\u00f1o ofrecen a los entusiastas de los deportes acu\u00e1ticos en Tenerife un para\u00edso de primera clase - especialmente para los windsurfistas y kiters.<\/p>\n\n\n\n<p>La amplia playa de arena de El M\u00e9dano es un lugar perfecto para esto. Hay muchas escuelas de surf aqu\u00ed, que ofrecen cursos o alquilan equipos de windsurf y kitesurf. Alternativamente, tambi\u00e9n puedes hacer SUP (Stand Up Paddle) en d\u00edas sin viento. \u00bfNunca has o\u00eddo hablar de ello? \u00a1Entonces no esperes, porque es muy divertido! Te subes a una tabla de surf muy amplia y puedes guiarte con un remo sobre el mar. Si las olas son un poco m\u00e1s altas, el surf cl\u00e1sico o el bodyboard tambi\u00e9n es una buena alternativa.<\/p>\n\n\n\n<figure class=\"wp-block-gallery columns-4 is-cropped wp-block-gallery-1 is-layout-flex wp-block-gallery-is-layout-flex\"><ul class=\"blocks-gallery-grid\"><li class=\"blocks-gallery-item\"><figure><img loading=\"lazy\" decoding=\"async\" width=\"1024\" height=\"615\" src=\"https:\/\/www.canariansurffruit.com\/wp-content\/uploads\/2020\/04\/Windsurfen-2-1024x615.jpg\" alt=\"Windsurfer Welle La Tejita\" data-id=\"276\" data-full-url=\"https:\/\/www.canariansurffruit.com\/wp-content\/uploads\/2020\/04\/Windsurfen-2-scaled.jpg\" data-link=\"https:\/\/www.canariansurffruit.com\/cfs\/windsurfen-2\/\" class=\"wp-image-276\" srcset=\"https:\/\/www.canariansurffruit.com\/wp-content\/uploads\/2020\/04\/Windsurfen-2-1024x615.jpg 1024w, https:\/\/www.canariansurffruit.com\/wp-content\/uploads\/2020\/04\/Windsurfen-2-scaled-600x360.jpg 600w, https:\/\/www.canariansurffruit.com\/wp-content\/uploads\/2020\/04\/Windsurfen-2-300x180.jpg 300w, https:\/\/www.canariansurffruit.com\/wp-content\/uploads\/2020\/04\/Windsurfen-2-768x461.jpg 768w, https:\/\/www.canariansurffruit.com\/wp-content\/uploads\/2020\/04\/Windsurfen-2-1536x923.jpg 1536w, https:\/\/www.canariansurffruit.com\/wp-content\/uploads\/2020\/04\/Windsurfen-2-2048x1230.jpg 2048w\" sizes=\"auto, (max-width: 1024px) 100vw, 1024px\" \/><\/figure><\/li><li class=\"blocks-gallery-item\"><figure><img loading=\"lazy\" decoding=\"async\" width=\"1024\" height=\"1024\" src=\"https:\/\/www.canariansurffruit.com\/wp-content\/uploads\/2020\/04\/Kiten-2-1024x1024.jpg\" alt=\"Kiten Welle Montana Roja\" data-id=\"162\" data-full-url=\"https:\/\/www.canariansurffruit.com\/wp-content\/uploads\/2020\/04\/Kiten-2.jpg\" data-link=\"https:\/\/www.canariansurffruit.com\/kiten-2\/\" class=\"wp-image-162\" srcset=\"https:\/\/www.canariansurffruit.com\/wp-content\/uploads\/2020\/04\/Kiten-2-1024x1024.jpg 1024w, https:\/\/www.canariansurffruit.com\/wp-content\/uploads\/2020\/04\/Kiten-2-500x500.jpg 500w, https:\/\/www.canariansurffruit.com\/wp-content\/uploads\/2020\/04\/Kiten-2-100x100.jpg 100w, https:\/\/www.canariansurffruit.com\/wp-content\/uploads\/2020\/04\/Kiten-2-600x600.jpg 600w, https:\/\/www.canariansurffruit.com\/wp-content\/uploads\/2020\/04\/Kiten-2-300x300.jpg 300w, https:\/\/www.canariansurffruit.com\/wp-content\/uploads\/2020\/04\/Kiten-2-150x150.jpg 150w, https:\/\/www.canariansurffruit.com\/wp-content\/uploads\/2020\/04\/Kiten-2-768x768.jpg 768w, https:\/\/www.canariansurffruit.com\/wp-content\/uploads\/2020\/04\/Kiten-2-1536x1536.jpg 1536w, https:\/\/www.canariansurffruit.com\/wp-content\/uploads\/2020\/04\/Kiten-2.jpg 1808w\" sizes=\"auto, (max-width: 1024px) 100vw, 1024px\" \/><\/figure><\/li><li class=\"blocks-gallery-item\"><figure><img loading=\"lazy\" decoding=\"async\" width=\"1024\" height=\"1024\" src=\"https:\/\/www.canariansurffruit.com\/wp-content\/uploads\/2020\/04\/IMG_5396-scaled-e1587556235849-1024x1024.jpg\" alt=\"Kite El Medano Strand\" data-id=\"159\" data-full-url=\"https:\/\/www.canariansurffruit.com\/wp-content\/uploads\/2020\/04\/IMG_5396-scaled-e1587556235849.jpg\" data-link=\"https:\/\/www.canariansurffruit.com\/img_5396\/\" class=\"wp-image-159\" srcset=\"https:\/\/www.canariansurffruit.com\/wp-content\/uploads\/2020\/04\/IMG_5396-scaled-e1587556235849-1024x1024.jpg 1024w, https:\/\/www.canariansurffruit.com\/wp-content\/uploads\/2020\/04\/IMG_5396-scaled-e1587556235849-500x500.jpg 500w, https:\/\/www.canariansurffruit.com\/wp-content\/uploads\/2020\/04\/IMG_5396-scaled-e1587556235849-100x100.jpg 100w, https:\/\/www.canariansurffruit.com\/wp-content\/uploads\/2020\/04\/IMG_5396-scaled-e1587556235849-600x600.jpg 600w, https:\/\/www.canariansurffruit.com\/wp-content\/uploads\/2020\/04\/IMG_5396-scaled-e1587556235849-300x300.jpg 300w, https:\/\/www.canariansurffruit.com\/wp-content\/uploads\/2020\/04\/IMG_5396-scaled-e1587556235849-150x150.jpg 150w, https:\/\/www.canariansurffruit.com\/wp-content\/uploads\/2020\/04\/IMG_5396-scaled-e1587556235849-768x768.jpg 768w, https:\/\/www.canariansurffruit.com\/wp-content\/uploads\/2020\/04\/IMG_5396-scaled-e1587556235849-1536x1536.jpg 1536w, https:\/\/www.canariansurffruit.com\/wp-content\/uploads\/2020\/04\/IMG_5396-scaled-e1587556235849.jpg 1920w\" sizes=\"auto, (max-width: 1024px) 100vw, 1024px\" \/><\/figure><\/li><li class=\"blocks-gallery-item\"><figure><img loading=\"lazy\" decoding=\"async\" width=\"1024\" height=\"1024\" src=\"https:\/\/www.canariansurffruit.com\/wp-content\/uploads\/2020\/04\/Windsurfen-e1587557986950-1024x1024.jpg\" alt=\"Windsurfen El Medano\" data-id=\"121\" data-full-url=\"https:\/\/www.canariansurffruit.com\/wp-content\/uploads\/2020\/04\/Windsurfen-e1587557986950.jpg\" data-link=\"https:\/\/www.canariansurffruit.com\/das-neue-museum-oeffnet-seine-tueren-2__trashed\/windsurfen\/\" class=\"wp-image-121\" srcset=\"https:\/\/www.canariansurffruit.com\/wp-content\/uploads\/2020\/04\/Windsurfen-e1587557986950-1024x1024.jpg 1024w, https:\/\/www.canariansurffruit.com\/wp-content\/uploads\/2020\/04\/Windsurfen-e1587557986950-500x500.jpg 500w, https:\/\/www.canariansurffruit.com\/wp-content\/uploads\/2020\/04\/Windsurfen-e1587557986950-100x100.jpg 100w, https:\/\/www.canariansurffruit.com\/wp-content\/uploads\/2020\/04\/Windsurfen-e1587557986950-600x600.jpg 600w, https:\/\/www.canariansurffruit.com\/wp-content\/uploads\/2020\/04\/Windsurfen-e1587557986950-300x300.jpg 300w, https:\/\/www.canariansurffruit.com\/wp-content\/uploads\/2020\/04\/Windsurfen-e1587557986950-150x150.jpg 150w, https:\/\/www.canariansurffruit.com\/wp-content\/uploads\/2020\/04\/Windsurfen-e1587557986950-768x768.jpg 768w, https:\/\/www.canariansurffruit.com\/wp-content\/uploads\/2020\/04\/Windsurfen-e1587557986950-1536x1536.jpg 1536w, https:\/\/www.canariansurffruit.com\/wp-content\/uploads\/2020\/04\/Windsurfen-e1587557986950.jpg 1668w\" sizes=\"auto, (max-width: 1024px) 100vw, 1024px\" \/><\/figure><\/li><\/ul><\/figure>\n\n\n\n<div style=\"height:42px\" aria-hidden=\"true\" class=\"wp-block-spacer\"><\/div>\n\n\n\n<h2 class=\"wp-block-heading\"><strong>Las condiciones de viento en El M\u00e9dano<\/strong><\/h2>\n\n\n\n<p>El M\u00e9dano, tambi\u00e9n conocido como una zona de altos vientos, es considerado el lugar con las mejores condiciones de viento. Sin embargo, hay varias semanas al a\u00f1o sin viento, principalmente en invierno. Aqu\u00ed la mayor\u00eda de nuestros principiantes se divierten con viento ligero mientras practican - un buen momento para ellos! Los surfistas avanzados, sin embargo, se divierten menos que ellos. Los kiters tambi\u00e9n est\u00e1n satisfechos con menos viento, pero cuando el viento pierde su fuerza por completo, la diversi\u00f3n tambi\u00e9n se acaba para ellos. Por lo tanto, el viento es igual que el tiempo, en general s\u00f3lo se puede predecir de forma limitada.<\/p>\n\n\n\n<div style=\"height:52px\" aria-hidden=\"true\" class=\"wp-block-spacer\"><\/div>\n\n\n\n<h2 class=\"wp-block-heading\"><strong>Descripci\u00f3n del lugar<\/strong><\/h2>\n\n\n\n<p>Cuando el viento sopla en El M\u00e9dano, suele soplar desde el noreste (desde la izquierda), y cerca de la orilla suele ser bastante racheado.\u00a0Pero cuidado, si no puedes mantener la altura con tu cometa, aterrizar\u00e1s r\u00e1pidamente en el \"Pigs Bay\" (Bah\u00eda de Cochinos) y tendr\u00e1s que llevar tu equipo a tierra y a pie hasta el punto de partida.<\/p>\n\n\n\n<p>Las fuertes r\u00e1fagas representan un desaf\u00edo especial para todo entusiasta de los deportes acu\u00e1ticos. Vientos de 3 a 5 Beaufort son considerados \"ligeros\" aqu\u00ed. Para la mayor\u00eda de la gente local, s\u00f3lo se pone interesante a partir de 6, 7 o m\u00e1s fuerza del viento, lo que puedes esperar regularmente. Lo que a menudo causa m\u00e1s problemas a los principiantes no es el viento sino a menudo el oleaje. Si has aprendido a surfear en un lago, te sorprender\u00e1 lo dif\u00edcil que es surfear con olas y en partes con fuertes rompientes en la orilla. A veces tambi\u00e9n hay viento de la derecha, entonces el agua se pone tan plano como en un lago. Los aficionados a las olas pueden encontrarlo aburrido, pero todos los dem\u00e1s lo disfrutan a tope.<\/p>\n\n\n\n<p>Las Islas Canarias son, en resumen, la \u00fanica zona de deportes acu\u00e1ticos de Europa donde se puede practicar el windsurf y el kitesurf durante todo el a\u00f1o sin pasar mucho fr\u00edo. Para aquellos que son un poco m\u00e1s sensibles a la temperatura, por supuesto les alquilamos trajes de manga corta y de manga larga.<\/p>\n\n\n\n<p><strong>\u00bfNo trajiste tu tabla? Nuestra tienda alquila SUP (Stand Up Paddles), tablas de surf y bodyboards por horas. Tambi\u00e9n ofrecemos cursos de kitesurf!<\/strong><\/p>","protected":false},"excerpt":{"rendered":"<p>Wind- und Kitesurferparadies El M\u00e9dano El M\u00e9dano liegt im S\u00fcdosten Teneriffas und z\u00e4hlt zu den beliebtesten Gebieten f\u00fcr Wassersportler. Gute Windverh\u00e4ltnisse und ein ganzj\u00e4hrig angenehmes Klima bieten Teneriffas Wassersportler ein Eldorado der Extraklasse \u2013 speziell den Wind-und Kitesurfern. El M\u00e9danos breiter Sandstrand ist daf\u00fcr ein perfekter Ort. Hier tummeln sich viele Surf-Schulen, die Kurse anbieten, [&hellip;]<\/p>","protected":false},"author":1,"featured_media":0,"parent":0,"menu_order":0,"comment_status":"closed","ping_status":"closed","template":"","meta":{"footnotes":""},"class_list":["post-795","page","type-page","status-publish","hentry"],"yoast_head":"<!-- This site is optimized with the Yoast SEO plugin v26.8 - https:\/\/yoast.com\/product\/yoast-seo-wordpress\/ -->\n<title>Surf Hotspot - Canarian Surf Fruit<\/title>\n<meta name=\"robots\" content=\"index, follow, max-snippet:-1, max-image-preview:large, max-video-preview:-1\" \/>\n<link rel=\"canonical\" href=\"https:\/\/www.canariansurffruit.com\/es\/surf-hotspot\/\" \/>\n<meta property=\"og:locale\" content=\"es_ES\" \/>\n<meta property=\"og:type\" content=\"article\" \/>\n<meta property=\"og:title\" content=\"Surf Hotspot - Canarian Surf Fruit\" \/>\n<meta property=\"og:description\" content=\"Wind- und Kitesurferparadies El M\u00e9dano El M\u00e9dano liegt im S\u00fcdosten Teneriffas und z\u00e4hlt zu den beliebtesten Gebieten f\u00fcr Wassersportler. Gute Windverh\u00e4ltnisse und ein ganzj\u00e4hrig angenehmes Klima bieten Teneriffas Wassersportler ein Eldorado der Extraklasse \u2013 speziell den Wind-und Kitesurfern. El M\u00e9danos breiter Sandstrand ist daf\u00fcr ein perfekter Ort. Hier tummeln sich viele Surf-Schulen, die Kurse anbieten, [&hellip;]\" \/>\n<meta property=\"og:url\" content=\"https:\/\/www.canariansurffruit.com\/es\/surf-hotspot\/\" \/>\n<meta property=\"og:site_name\" content=\"Canarian Surf Fruit\" \/>\n<meta property=\"article:modified_time\" content=\"2020-05-29T18:59:54+00:00\" \/>\n<meta property=\"og:image\" content=\"https:\/\/www.canariansurffruit.com\/wp-content\/uploads\/2020\/04\/Windsurfen-2-1024x615.jpg\" \/>\n<meta name=\"twitter:card\" content=\"summary_large_image\" \/>\n<meta name=\"twitter:label1\" content=\"Tiempo de lectura\" \/>\n\t<meta name=\"twitter:data1\" content=\"2 minutos\" \/>\n<script type=\"application\/ld+json\" class=\"yoast-schema-graph\">{\"@context\":\"https:\/\/schema.org\",\"@graph\":[{\"@type\":\"WebPage\",\"@id\":\"https:\/\/www.canariansurffruit.com\/surf-hotspot\/\",\"url\":\"https:\/\/www.canariansurffruit.com\/surf-hotspot\/\",\"name\":\"Surf Hotspot - Canarian Surf Fruit\",\"isPartOf\":{\"@id\":\"https:\/\/www.canariansurffruit.com\/#website\"},\"primaryImageOfPage\":{\"@id\":\"https:\/\/www.canariansurffruit.com\/surf-hotspot\/#primaryimage\"},\"image\":{\"@id\":\"https:\/\/www.canariansurffruit.com\/surf-hotspot\/#primaryimage\"},\"thumbnailUrl\":\"https:\/\/www.canariansurffruit.com\/wp-content\/uploads\/2020\/04\/Windsurfen-2-1024x615.jpg\",\"datePublished\":\"2020-05-25T10:10:00+00:00\",\"dateModified\":\"2020-05-29T18:59:54+00:00\",\"breadcrumb\":{\"@id\":\"https:\/\/www.canariansurffruit.com\/surf-hotspot\/#breadcrumb\"},\"inLanguage\":\"es\",\"potentialAction\":[{\"@type\":\"ReadAction\",\"target\":[\"https:\/\/www.canariansurffruit.com\/surf-hotspot\/\"]}]},{\"@type\":\"ImageObject\",\"inLanguage\":\"es\",\"@id\":\"https:\/\/www.canariansurffruit.com\/surf-hotspot\/#primaryimage\",\"url\":\"https:\/\/www.canariansurffruit.com\/wp-content\/uploads\/2020\/04\/Windsurfen-2-1024x615.jpg\",\"contentUrl\":\"https:\/\/www.canariansurffruit.com\/wp-content\/uploads\/2020\/04\/Windsurfen-2-1024x615.jpg\"},{\"@type\":\"BreadcrumbList\",\"@id\":\"https:\/\/www.canariansurffruit.com\/surf-hotspot\/#breadcrumb\",\"itemListElement\":[{\"@type\":\"ListItem\",\"position\":1,\"name\":\"Startseite\",\"item\":\"https:\/\/www.canariansurffruit.com\/\"},{\"@type\":\"ListItem\",\"position\":2,\"name\":\"Surf Hotspot\"}]},{\"@type\":\"WebSite\",\"@id\":\"https:\/\/www.canariansurffruit.com\/#website\",\"url\":\"https:\/\/www.canariansurffruit.com\/\",\"name\":\"Canarian Surf Fruit\",\"description\":\"Der Surf und Lifestyle Laden direkt am Beach von El Medano\",\"publisher\":{\"@id\":\"https:\/\/www.canariansurffruit.com\/#organization\"},\"potentialAction\":[{\"@type\":\"SearchAction\",\"target\":{\"@type\":\"EntryPoint\",\"urlTemplate\":\"https:\/\/www.canariansurffruit.com\/?s={search_term_string}\"},\"query-input\":{\"@type\":\"PropertyValueSpecification\",\"valueRequired\":true,\"valueName\":\"search_term_string\"}}],\"inLanguage\":\"es\"},{\"@type\":\"Organization\",\"@id\":\"https:\/\/www.canariansurffruit.com\/#organization\",\"name\":\"Canarian Surf Fruit\",\"url\":\"https:\/\/www.canariansurffruit.com\/\",\"logo\":{\"@type\":\"ImageObject\",\"inLanguage\":\"es\",\"@id\":\"https:\/\/www.canariansurffruit.com\/#\/schema\/logo\/image\/\",\"url\":\"https:\/\/www.canariansurffruit.com\/wp-content\/uploads\/2020\/06\/Header-Logo4.jpg\",\"contentUrl\":\"https:\/\/www.canariansurffruit.com\/wp-content\/uploads\/2020\/06\/Header-Logo4.jpg\",\"width\":220,\"height\":70,\"caption\":\"Canarian Surf Fruit\"},\"image\":{\"@id\":\"https:\/\/www.canariansurffruit.com\/#\/schema\/logo\/image\/\"}}]}<\/script>\n<!-- \/ Yoast SEO plugin. -->","yoast_head_json":{"title":"Surf Hotspot - Canarian Surf Fruit","robots":{"index":"index","follow":"follow","max-snippet":"max-snippet:-1","max-image-preview":"max-image-preview:large","max-video-preview":"max-video-preview:-1"},"canonical":"https:\/\/www.canariansurffruit.com\/es\/surf-hotspot\/","og_locale":"es_ES","og_type":"article","og_title":"Surf Hotspot - Canarian Surf Fruit","og_description":"Wind- und Kitesurferparadies El M\u00e9dano El M\u00e9dano liegt im S\u00fcdosten Teneriffas und z\u00e4hlt zu den beliebtesten Gebieten f\u00fcr Wassersportler. Gute Windverh\u00e4ltnisse und ein ganzj\u00e4hrig angenehmes Klima bieten Teneriffas Wassersportler ein Eldorado der Extraklasse \u2013 speziell den Wind-und Kitesurfern. El M\u00e9danos breiter Sandstrand ist daf\u00fcr ein perfekter Ort. Hier tummeln sich viele Surf-Schulen, die Kurse anbieten, [&hellip;]","og_url":"https:\/\/www.canariansurffruit.com\/es\/surf-hotspot\/","og_site_name":"Canarian Surf Fruit","article_modified_time":"2020-05-29T18:59:54+00:00","og_image":[{"url":"https:\/\/www.canariansurffruit.com\/wp-content\/uploads\/2020\/04\/Windsurfen-2-1024x615.jpg","type":"","width":"","height":""}],"twitter_card":"summary_large_image","twitter_misc":{"Tiempo de lectura":"2 minutos"},"schema":{"@context":"https:\/\/schema.org","@graph":[{"@type":"WebPage","@id":"https:\/\/www.canariansurffruit.com\/surf-hotspot\/","url":"https:\/\/www.canariansurffruit.com\/surf-hotspot\/","name":"Surf Hotspot - Canarian Surf Fruit","isPartOf":{"@id":"https:\/\/www.canariansurffruit.com\/#website"},"primaryImageOfPage":{"@id":"https:\/\/www.canariansurffruit.com\/surf-hotspot\/#primaryimage"},"image":{"@id":"https:\/\/www.canariansurffruit.com\/surf-hotspot\/#primaryimage"},"thumbnailUrl":"https:\/\/www.canariansurffruit.com\/wp-content\/uploads\/2020\/04\/Windsurfen-2-1024x615.jpg","datePublished":"2020-05-25T10:10:00+00:00","dateModified":"2020-05-29T18:59:54+00:00","breadcrumb":{"@id":"https:\/\/www.canariansurffruit.com\/surf-hotspot\/#breadcrumb"},"inLanguage":"es","potentialAction":[{"@type":"ReadAction","target":["https:\/\/www.canariansurffruit.com\/surf-hotspot\/"]}]},{"@type":"ImageObject","inLanguage":"es","@id":"https:\/\/www.canariansurffruit.com\/surf-hotspot\/#primaryimage","url":"https:\/\/www.canariansurffruit.com\/wp-content\/uploads\/2020\/04\/Windsurfen-2-1024x615.jpg","contentUrl":"https:\/\/www.canariansurffruit.com\/wp-content\/uploads\/2020\/04\/Windsurfen-2-1024x615.jpg"},{"@type":"BreadcrumbList","@id":"https:\/\/www.canariansurffruit.com\/surf-hotspot\/#breadcrumb","itemListElement":[{"@type":"ListItem","position":1,"name":"Startseite","item":"https:\/\/www.canariansurffruit.com\/"},{"@type":"ListItem","position":2,"name":"Surf Hotspot"}]},{"@type":"WebSite","@id":"https:\/\/www.canariansurffruit.com\/#website","url":"https:\/\/www.canariansurffruit.com\/","name":"Canarian Surf Fruit","description":"Der Surf und Lifestyle Laden direkt am Beach von El Medano","publisher":{"@id":"https:\/\/www.canariansurffruit.com\/#organization"},"potentialAction":[{"@type":"SearchAction","target":{"@type":"EntryPoint","urlTemplate":"https:\/\/www.canariansurffruit.com\/?s={search_term_string}"},"query-input":{"@type":"PropertyValueSpecification","valueRequired":true,"valueName":"search_term_string"}}],"inLanguage":"es"},{"@type":"Organization","@id":"https:\/\/www.canariansurffruit.com\/#organization","name":"Canarian Surf Fruit","url":"https:\/\/www.canariansurffruit.com\/","logo":{"@type":"ImageObject","inLanguage":"es","@id":"https:\/\/www.canariansurffruit.com\/#\/schema\/logo\/image\/","url":"https:\/\/www.canariansurffruit.com\/wp-content\/uploads\/2020\/06\/Header-Logo4.jpg","contentUrl":"https:\/\/www.canariansurffruit.com\/wp-content\/uploads\/2020\/06\/Header-Logo4.jpg","width":220,"height":70,"caption":"Canarian Surf Fruit"},"image":{"@id":"https:\/\/www.canariansurffruit.com\/#\/schema\/logo\/image\/"}}]}},"_links":{"self":[{"href":"https:\/\/www.canariansurffruit.com\/es\/wp-json\/wp\/v2\/pages\/795","targetHints":{"allow":["GET"]}}],"collection":[{"href":"https:\/\/www.canariansurffruit.com\/es\/wp-json\/wp\/v2\/pages"}],"about":[{"href":"https:\/\/www.canariansurffruit.com\/es\/wp-json\/wp\/v2\/types\/page"}],"author":[{"embeddable":true,"href":"https:\/\/www.canariansurffruit.com\/es\/wp-json\/wp\/v2\/users\/1"}],"replies":[{"embeddable":true,"href":"https:\/\/www.canariansurffruit.com\/es\/wp-json\/wp\/v2\/comments?post=795"}],"version-history":[{"count":8,"href":"https:\/\/www.canariansurffruit.com\/es\/wp-json\/wp\/v2\/pages\/795\/revisions"}],"predecessor-version":[{"id":850,"href":"https:\/\/www.canariansurffruit.com\/es\/wp-json\/wp\/v2\/pages\/795\/revisions\/850"}],"wp:attachment":[{"href":"https:\/\/www.canariansurffruit.com\/es\/wp-json\/wp\/v2\/media?parent=795"}],"curies":[{"name":"wp","href":"https:\/\/api.w.org\/{rel}","templated":true}]}}