{"id":520,"date":"2020-05-06T19:55:22","date_gmt":"2020-05-06T17:55:22","guid":{"rendered":"https:\/\/www.canariansurffruit.com\/?product=t-shirt-csf-el-medano"},"modified":"2020-05-07T16:52:38","modified_gmt":"2020-05-07T14:52:38","slug":"t-shirt-csf-el-medano","status":"publish","type":"product","link":"https:\/\/www.canariansurffruit.com\/es\/producto\/t-shirt-csf-el-medano\/","title":{"rendered":"T-Shirt CSF El M\u00e9dano"},"content":{"rendered":"","protected":false},"excerpt":{"rendered":"<p>Corte casual, material ligero y estrecho.<\/p>\n<p>100% Algod\u00f3n<\/p>\n<p><span style=\"color: #ff0000;\">Oferta especial: 3 camisetas de CSF por s\u00f3lo 60\u20ac (se aplica a todas las camisetas de CSF para hombres y mujeres - mixtas o no)<\/span><\/p>\n<p>&nbsp;<\/p>\n<h4>Si deseas pedir el producto o tienes alguna pregunta, por favor, rellena el formulario sin compromiso.<\/h4>\n[contact-form-7 id=\"60\" title=\"Kontaktformular Produkte\"]","protected":false},"featured_media":570,"template":"","meta":[],"product_brand":[],"product_cat":[19],"product_tag":[],"class_list":{"0":"post-520","1":"product","2":"type-product","3":"status-publish","4":"has-post-thumbnail","6":"product_cat-women","8":"first","9":"instock","10":"shipping-taxable","11":"purchasable","12":"product-type-simple"},"yoast_head":"<!-- This site is optimized with the Yoast SEO plugin v26.8 - https:\/\/yoast.com\/product\/yoast-seo-wordpress\/ -->\n<title>T-Shirt CSF El M\u00e9dano - Canarian Surf Fruit<\/title>\n<meta name=\"robots\" content=\"index, follow, max-snippet:-1, max-image-preview:large, max-video-preview:-1\" \/>\n<link rel=\"canonical\" href=\"https:\/\/www.canariansurffruit.com\/es\/producto\/t-shirt-csf-el-medano\/\" \/>\n<meta property=\"og:locale\" content=\"es_ES\" \/>\n<meta property=\"og:type\" content=\"article\" \/>\n<meta property=\"og:title\" content=\"T-Shirt CSF El M\u00e9dano - Canarian Surf Fruit\" \/>\n<meta property=\"og:description\" content=\"Legerer Schnitt, leichtes, d\u00fcnnes Material.  100% Baumwolle  Angebots-Special: 3 CSF T-Shirts f\u00fcr nur 60\u20ac (gilt f\u00fcr alle CSF T-Shirts f\u00fcr M\u00e4nner und Frauen - gerne auch gemixt)  &nbsp; Wenn du das Produkt bestellen m\u00f6chtest oder Fragen dazu hast, bitte unverbindlich das Formular ausf\u00fcllen.\" \/>\n<meta property=\"og:url\" content=\"https:\/\/www.canariansurffruit.com\/es\/producto\/t-shirt-csf-el-medano\/\" \/>\n<meta property=\"og:site_name\" content=\"Canarian Surf Fruit\" \/>\n<meta property=\"article:modified_time\" content=\"2020-05-07T14:52:38+00:00\" \/>\n<meta property=\"og:image\" content=\"https:\/\/www.canariansurffruit.com\/wp-content\/uploads\/2020\/05\/stand-up-paddle-el-medano.jpg\" \/>\n\t<meta property=\"og:image:width\" content=\"1386\" \/>\n\t<meta property=\"og:image:height\" content=\"1080\" \/>\n\t<meta property=\"og:image:type\" content=\"image\/jpeg\" \/>\n<meta name=\"twitter:card\" content=\"summary_large_image\" \/>\n<script type=\"application\/ld+json\" class=\"yoast-schema-graph\">{\"@context\":\"https:\/\/schema.org\",\"@graph\":[{\"@type\":\"WebPage\",\"@id\":\"https:\/\/www.canariansurffruit.com\/produkt\/t-shirt-csf-el-medano\/\",\"url\":\"https:\/\/www.canariansurffruit.com\/produkt\/t-shirt-csf-el-medano\/\",\"name\":\"T-Shirt CSF El M\u00e9dano - Canarian Surf Fruit\",\"isPartOf\":{\"@id\":\"https:\/\/www.canariansurffruit.com\/#website\"},\"primaryImageOfPage\":{\"@id\":\"https:\/\/www.canariansurffruit.com\/produkt\/t-shirt-csf-el-medano\/#primaryimage\"},\"image\":{\"@id\":\"https:\/\/www.canariansurffruit.com\/produkt\/t-shirt-csf-el-medano\/#primaryimage\"},\"thumbnailUrl\":\"https:\/\/www.canariansurffruit.com\/wp-content\/uploads\/2020\/05\/stand-up-paddle-el-medano.jpg\",\"datePublished\":\"2020-05-06T17:55:22+00:00\",\"dateModified\":\"2020-05-07T14:52:38+00:00\",\"breadcrumb\":{\"@id\":\"https:\/\/www.canariansurffruit.com\/produkt\/t-shirt-csf-el-medano\/#breadcrumb\"},\"inLanguage\":\"es\",\"potentialAction\":[{\"@type\":\"ReadAction\",\"target\":[\"https:\/\/www.canariansurffruit.com\/produkt\/t-shirt-csf-el-medano\/\"]}]},{\"@type\":\"ImageObject\",\"inLanguage\":\"es\",\"@id\":\"https:\/\/www.canariansurffruit.com\/produkt\/t-shirt-csf-el-medano\/#primaryimage\",\"url\":\"https:\/\/www.canariansurffruit.com\/wp-content\/uploads\/2020\/05\/stand-up-paddle-el-medano.jpg\",\"contentUrl\":\"https:\/\/www.canariansurffruit.com\/wp-content\/uploads\/2020\/05\/stand-up-paddle-el-medano.jpg\",\"width\":1386,\"height\":1080,\"caption\":\"T-Shirt El Medano\"},{\"@type\":\"BreadcrumbList\",\"@id\":\"https:\/\/www.canariansurffruit.com\/produkt\/t-shirt-csf-el-medano\/#breadcrumb\",\"itemListElement\":[{\"@type\":\"ListItem\",\"position\":1,\"name\":\"Startseite\",\"item\":\"https:\/\/www.canariansurffruit.com\/\"},{\"@type\":\"ListItem\",\"position\":2,\"name\":\"Produkte\",\"item\":\"https:\/\/www.canariansurffruit.com\/shop\/\"},{\"@type\":\"ListItem\",\"position\":3,\"name\":\"T-Shirt CSF El M\u00e9dano\"}]},{\"@type\":\"WebSite\",\"@id\":\"https:\/\/www.canariansurffruit.com\/#website\",\"url\":\"https:\/\/www.canariansurffruit.com\/\",\"name\":\"Canarian Surf Fruit\",\"description\":\"Der Surf und Lifestyle Laden direkt am Beach von El Medano\",\"publisher\":{\"@id\":\"https:\/\/www.canariansurffruit.com\/#organization\"},\"potentialAction\":[{\"@type\":\"SearchAction\",\"target\":{\"@type\":\"EntryPoint\",\"urlTemplate\":\"https:\/\/www.canariansurffruit.com\/?s={search_term_string}\"},\"query-input\":{\"@type\":\"PropertyValueSpecification\",\"valueRequired\":true,\"valueName\":\"search_term_string\"}}],\"inLanguage\":\"es\"},{\"@type\":\"Organization\",\"@id\":\"https:\/\/www.canariansurffruit.com\/#organization\",\"name\":\"Canarian Surf Fruit\",\"url\":\"https:\/\/www.canariansurffruit.com\/\",\"logo\":{\"@type\":\"ImageObject\",\"inLanguage\":\"es\",\"@id\":\"https:\/\/www.canariansurffruit.com\/#\/schema\/logo\/image\/\",\"url\":\"https:\/\/www.canariansurffruit.com\/wp-content\/uploads\/2020\/06\/Header-Logo4.jpg\",\"contentUrl\":\"https:\/\/www.canariansurffruit.com\/wp-content\/uploads\/2020\/06\/Header-Logo4.jpg\",\"width\":220,\"height\":70,\"caption\":\"Canarian Surf Fruit\"},\"image\":{\"@id\":\"https:\/\/www.canariansurffruit.com\/#\/schema\/logo\/image\/\"}}]}<\/script>\n<!-- \/ Yoast SEO plugin. -->","yoast_head_json":{"title":"T-Shirt CSF El M\u00e9dano - Canarian Surf Fruit","robots":{"index":"index","follow":"follow","max-snippet":"max-snippet:-1","max-image-preview":"max-image-preview:large","max-video-preview":"max-video-preview:-1"},"canonical":"https:\/\/www.canariansurffruit.com\/es\/producto\/t-shirt-csf-el-medano\/","og_locale":"es_ES","og_type":"article","og_title":"T-Shirt CSF El M\u00e9dano - Canarian Surf Fruit","og_description":"Legerer Schnitt, leichtes, d\u00fcnnes Material.  100% Baumwolle  Angebots-Special: 3 CSF T-Shirts f\u00fcr nur 60\u20ac (gilt f\u00fcr alle CSF T-Shirts f\u00fcr M\u00e4nner und Frauen - gerne auch gemixt)  &nbsp; Wenn du das Produkt bestellen m\u00f6chtest oder Fragen dazu hast, bitte unverbindlich das Formular ausf\u00fcllen.","og_url":"https:\/\/www.canariansurffruit.com\/es\/producto\/t-shirt-csf-el-medano\/","og_site_name":"Canarian Surf Fruit","article_modified_time":"2020-05-07T14:52:38+00:00","og_image":[{"width":1386,"height":1080,"url":"https:\/\/www.canariansurffruit.com\/wp-content\/uploads\/2020\/05\/stand-up-paddle-el-medano.jpg","type":"image\/jpeg"}],"twitter_card":"summary_large_image","schema":{"@context":"https:\/\/schema.org","@graph":[{"@type":"WebPage","@id":"https:\/\/www.canariansurffruit.com\/produkt\/t-shirt-csf-el-medano\/","url":"https:\/\/www.canariansurffruit.com\/produkt\/t-shirt-csf-el-medano\/","name":"T-Shirt CSF El M\u00e9dano - Canarian Surf Fruit","isPartOf":{"@id":"https:\/\/www.canariansurffruit.com\/#website"},"primaryImageOfPage":{"@id":"https:\/\/www.canariansurffruit.com\/produkt\/t-shirt-csf-el-medano\/#primaryimage"},"image":{"@id":"https:\/\/www.canariansurffruit.com\/produkt\/t-shirt-csf-el-medano\/#primaryimage"},"thumbnailUrl":"https:\/\/www.canariansurffruit.com\/wp-content\/uploads\/2020\/05\/stand-up-paddle-el-medano.jpg","datePublished":"2020-05-06T17:55:22+00:00","dateModified":"2020-05-07T14:52:38+00:00","breadcrumb":{"@id":"https:\/\/www.canariansurffruit.com\/produkt\/t-shirt-csf-el-medano\/#breadcrumb"},"inLanguage":"es","potentialAction":[{"@type":"ReadAction","target":["https:\/\/www.canariansurffruit.com\/produkt\/t-shirt-csf-el-medano\/"]}]},{"@type":"ImageObject","inLanguage":"es","@id":"https:\/\/www.canariansurffruit.com\/produkt\/t-shirt-csf-el-medano\/#primaryimage","url":"https:\/\/www.canariansurffruit.com\/wp-content\/uploads\/2020\/05\/stand-up-paddle-el-medano.jpg","contentUrl":"https:\/\/www.canariansurffruit.com\/wp-content\/uploads\/2020\/05\/stand-up-paddle-el-medano.jpg","width":1386,"height":1080,"caption":"T-Shirt El Medano"},{"@type":"BreadcrumbList","@id":"https:\/\/www.canariansurffruit.com\/produkt\/t-shirt-csf-el-medano\/#breadcrumb","itemListElement":[{"@type":"ListItem","position":1,"name":"Startseite","item":"https:\/\/www.canariansurffruit.com\/"},{"@type":"ListItem","position":2,"name":"Produkte","item":"https:\/\/www.canariansurffruit.com\/shop\/"},{"@type":"ListItem","position":3,"name":"T-Shirt CSF El M\u00e9dano"}]},{"@type":"WebSite","@id":"https:\/\/www.canariansurffruit.com\/#website","url":"https:\/\/www.canariansurffruit.com\/","name":"Canarian Surf Fruit","description":"Der Surf und Lifestyle Laden direkt am Beach von El Medano","publisher":{"@id":"https:\/\/www.canariansurffruit.com\/#organization"},"potentialAction":[{"@type":"SearchAction","target":{"@type":"EntryPoint","urlTemplate":"https:\/\/www.canariansurffruit.com\/?s={search_term_string}"},"query-input":{"@type":"PropertyValueSpecification","valueRequired":true,"valueName":"search_term_string"}}],"inLanguage":"es"},{"@type":"Organization","@id":"https:\/\/www.canariansurffruit.com\/#organization","name":"Canarian Surf Fruit","url":"https:\/\/www.canariansurffruit.com\/","logo":{"@type":"ImageObject","inLanguage":"es","@id":"https:\/\/www.canariansurffruit.com\/#\/schema\/logo\/image\/","url":"https:\/\/www.canariansurffruit.com\/wp-content\/uploads\/2020\/06\/Header-Logo4.jpg","contentUrl":"https:\/\/www.canariansurffruit.com\/wp-content\/uploads\/2020\/06\/Header-Logo4.jpg","width":220,"height":70,"caption":"Canarian Surf Fruit"},"image":{"@id":"https:\/\/www.canariansurffruit.com\/#\/schema\/logo\/image\/"}}]}},"_links":{"self":[{"href":"https:\/\/www.canariansurffruit.com\/es\/wp-json\/wp\/v2\/product\/520","targetHints":{"allow":["GET"]}}],"collection":[{"href":"https:\/\/www.canariansurffruit.com\/es\/wp-json\/wp\/v2\/product"}],"about":[{"href":"https:\/\/www.canariansurffruit.com\/es\/wp-json\/wp\/v2\/types\/product"}],"wp:featuredmedia":[{"embeddable":true,"href":"https:\/\/www.canariansurffruit.com\/es\/wp-json\/wp\/v2\/media\/570"}],"wp:attachment":[{"href":"https:\/\/www.canariansurffruit.com\/es\/wp-json\/wp\/v2\/media?parent=520"}],"wp:term":[{"taxonomy":"product_brand","embeddable":true,"href":"https:\/\/www.canariansurffruit.com\/es\/wp-json\/wp\/v2\/product_brand?post=520"},{"taxonomy":"product_cat","embeddable":true,"href":"https:\/\/www.canariansurffruit.com\/es\/wp-json\/wp\/v2\/product_cat?post=520"},{"taxonomy":"product_tag","embeddable":true,"href":"https:\/\/www.canariansurffruit.com\/es\/wp-json\/wp\/v2\/product_tag?post=520"}],"curies":[{"name":"wp","href":"https:\/\/api.w.org\/{rel}","templated":true}]}}